{"id":20,"date":"2014-12-07T19:26:58","date_gmt":"2014-12-07T17:26:58","guid":{"rendered":"https:\/\/kanzlei-bernstorff.de\/?page_id=20"},"modified":"2026-01-12T13:19:29","modified_gmt":"2026-01-12T12:19:29","slug":"unsere-kooperationspartner","status":"publish","type":"page","link":"https:\/\/kanzlei-bernstorff.de\/en\/unsere-kooperationspartner\/","title":{"rendered":"Our Cooperation Partners"},"content":{"rendered":"<div class=\"wpb-content-wrapper\"><div class=\"vc_section wpex-relative\"><div class=\"vc_row wpb_row vc_row-fluid wpex-relative\"><div class=\"wpb_column vc_column_container vc_col-sm-12\"><div class=\"vc_column-inner\"><div class=\"wpb_wrapper\"><figure class=\"vcex-image vcex-module\"><div class=\"vcex-image-inner wpex-relative wpex-w-100 vc_custom_1764296097161\"><img width=\"816\" height=\"298\" src=\"https:\/\/kanzlei-bernstorff.de\/wp-content\/uploads\/2014\/12\/1e_bg.jpg\" class=\"vcex-image-img wpex-align-middle wpex-w-100\" alt=\"\" loading=\"lazy\" decoding=\"async\" srcset=\"https:\/\/kanzlei-bernstorff.de\/wp-content\/uploads\/2014\/12\/1e_bg.jpg 816w, https:\/\/kanzlei-bernstorff.de\/wp-content\/uploads\/2014\/12\/1e_bg-300x110.jpg 300w, https:\/\/kanzlei-bernstorff.de\/wp-content\/uploads\/2014\/12\/1e_bg-768x280.jpg 768w\" sizes=\"auto, (max-width: 816px) 100vw, 816px\" \/><\/div><\/figure><h4 style=\"font-size: 14px;color: #495D7E;line-height: 30px;text-align: left;font-family:Open Sans;font-weight:700;font-style:normal\" class=\"vc_custom_heading vc_do_custom_heading vc_custom_1764296102535\" >Our Cooperation Partners<\/h4><style>.vcex-heading.vcex_69da19a136fe1{color:#495d7e;font-size:14px;font-family:'Open Sans', sans-serif;font-weight:700;line-height:30px;}<\/style><div class=\"vcex-heading vcex-heading-plain vcex-module wpex-heading wpex-text-2xl headingWithLineOnRight vcex_69da19a136fe1\"><span class=\"vcex-heading-inner wpex-inline-block\">HWP H\u00f6lscher-Winkler Partnership<\/span><\/div>\n\t<div class=\"wpb_text_column wpb_content_element\" >\n\t\t<div class=\"wpb_wrapper\">\n\t\t\t<p>Steuerberater Wirtschaftspr\u00fcfer \u2013 Berlin (tax advisers and auditors)<\/p>\n\n\t\t<\/div>\n\t<\/div>\n<div class=\"vcex-spacing wpex-w-100 wpex-clear\" style=\"height:10px;\"><\/div>\n\t<div class=\"wpb_text_column wpb_content_element\" >\n\t\t<div class=\"wpb_wrapper\">\n\t\t\t<p>We do cooperate closely with HWP H\u00f6lscher-Winkler Partnerschaft (partnership) which like us is\nfocused on consulting and advising medium-sized enterprises in the fields of auditing and taxes.<\/p>\n\n\t\t<\/div>\n\t<\/div>\n<div class=\"vcex-spacing wpex-w-100 wpex-clear\" style=\"height:10px;\"><\/div>\n\t<div class=\"wpb_text_column wpb_content_element\" >\n\t\t<div class=\"wpb_wrapper\">\n\t\t\t<p><a href=\"http:\/\/www.hwp-partnerschaft.de\/\" target=\"_blank\" rel=\"noopener\">www.hwp-partnerschaft.de<\/a><\/p>\n\n\t\t<\/div>\n\t<\/div>\n<style>.vcex-heading.vcex_69da19a138248{color:#495d7e;font-size:14px;font-family:'Open Sans', sans-serif;font-weight:700;line-height:30px;}<\/style><div class=\"vcex-heading vcex-heading-plain vcex-module wpex-heading wpex-text-2xl headingWithLineOnRight vcex_69da19a138248\"><span class=\"vcex-heading-inner wpex-inline-block\">Dr. York-Gero von Amsberg<\/span><\/div>\n\t<div class=\"wpb_text_column wpb_content_element\" >\n\t\t<div class=\"wpb_wrapper\">\n\t\t\t<p>Lawyer \u2013 Berlin<\/p>\n\n\t\t<\/div>\n\t<\/div>\n<div class=\"vcex-spacing wpex-w-100 wpex-clear\" style=\"height:10px;\"><\/div>\n\t<div class=\"wpb_text_column wpb_content_element\" >\n\t\t<div class=\"wpb_wrapper\">\n\t\t\t<p>In addition, we do have an ongoing cooperation with Dr. York-Gero von Amsberg, a lawyer who,\nfollowing his employment at the legal department of an international company, now works\nexclusively in the field of copyright and trademark law as well as intellectual property rights (national\nand international), all of this with a specific regional focus on China and India.<\/p>\n\n\t\t<\/div>\n\t<\/div>\n<\/div><\/div><\/div><\/div><\/div>\n<\/div>","protected":false},"excerpt":{"rendered":"Unsere KooperationspartnerHWP H\u00f6lscher-Winkler Partnerschaft Steuerberater Wirtschaftspr\u00fcfer - Berlin Eine enge Zusammenarbeit besteht mit der HWP H\u00f6lscher-Winkler Partnerschaft, die ebenfalls auf die Beratung und Betreuung von mittelst\u00e4ndischen Unternehmen im Rahmen der Wirtschaftspr\u00fcfung und Steuerberatung ausgerichtet ist. www.hwp-partnerschaft.de Dr. York-Gero von Amsberg Rechtsanwalt \u2013 Berlin Eine weitere st\u00e4ndige Kooperation besteht mit Rechtsanwalt Dr. York-Gero von Amsberg, der&hellip;","protected":false},"author":1,"featured_media":21,"parent":0,"menu_order":0,"comment_status":"open","ping_status":"closed","template":"templates\/no-sidebar.php","meta":{"footnotes":""},"class_list":["post-20","page","type-page","status-publish","has-post-thumbnail","hentry","entry","has-media"],"yoast_head":"<!-- This site is optimized with the Yoast SEO plugin v27.3 - https:\/\/yoast.com\/product\/yoast-seo-wordpress\/ -->\n<title>Kanzlei - Bernstorff | Unsere Kooperationspartner<\/title>\n<meta name=\"description\" content=\"Bernstorff Rechtsanw\u00e4lte Berlin arbeitet eng mit Steuerberatern, Wirtschaftspr\u00fcfern und spezialisierten Rechtsanw\u00e4lten zusammen, um Mandanten umfassend und interdisziplin\u00e4r zu beraten.\" \/>\n<meta name=\"robots\" content=\"index, follow, max-snippet:-1, max-image-preview:large, max-video-preview:-1\" \/>\n<link rel=\"canonical\" href=\"https:\/\/kanzlei-bernstorff.de\/en\/unsere-kooperationspartner\/\" \/>\n<meta property=\"og:locale\" content=\"en_US\" \/>\n<meta property=\"og:type\" content=\"article\" \/>\n<meta property=\"og:title\" content=\"Kanzlei - Bernstorff | Unsere Kooperationspartner\" \/>\n<meta property=\"og:description\" content=\"Bernstorff Rechtsanw\u00e4lte Berlin arbeitet eng mit Steuerberatern, Wirtschaftspr\u00fcfern und spezialisierten Rechtsanw\u00e4lten zusammen, um Mandanten umfassend und interdisziplin\u00e4r zu beraten.\" \/>\n<meta property=\"og:url\" content=\"https:\/\/kanzlei-bernstorff.de\/en\/unsere-kooperationspartner\/\" \/>\n<meta property=\"og:site_name\" content=\"Bernstorff - Rechtsanw\u00e4lte Partnerschaftsgesellschaft mbB\" \/>\n<meta property=\"article:modified_time\" content=\"2026-01-12T12:19:29+00:00\" \/>\n<meta property=\"og:image\" content=\"https:\/\/kanzlei-bernstorff.de\/wp-content\/uploads\/2014\/12\/1e_bg.jpg\" \/>\n\t<meta property=\"og:image:width\" content=\"816\" \/>\n\t<meta property=\"og:image:height\" content=\"298\" \/>\n\t<meta property=\"og:image:type\" content=\"image\/jpeg\" \/>\n<meta name=\"twitter:card\" content=\"summary_large_image\" \/>\n<meta name=\"twitter:label1\" content=\"Est. reading time\" \/>\n\t<meta name=\"twitter:data1\" content=\"1 minute\" \/>\n<script type=\"application\/ld+json\" class=\"yoast-schema-graph\">{\"@context\":\"https:\\\/\\\/schema.org\",\"@graph\":[{\"@type\":\"WebPage\",\"@id\":\"https:\\\/\\\/kanzlei-bernstorff.de\\\/unsere-kooperationspartner\\\/\",\"url\":\"https:\\\/\\\/kanzlei-bernstorff.de\\\/unsere-kooperationspartner\\\/\",\"name\":\"Kanzlei - Bernstorff | Unsere Kooperationspartner\",\"isPartOf\":{\"@id\":\"https:\\\/\\\/kanzlei-bernstorff.de\\\/#website\"},\"primaryImageOfPage\":{\"@id\":\"https:\\\/\\\/kanzlei-bernstorff.de\\\/unsere-kooperationspartner\\\/#primaryimage\"},\"image\":{\"@id\":\"https:\\\/\\\/kanzlei-bernstorff.de\\\/unsere-kooperationspartner\\\/#primaryimage\"},\"thumbnailUrl\":\"https:\\\/\\\/kanzlei-bernstorff.de\\\/wp-content\\\/uploads\\\/2014\\\/12\\\/1e_bg.jpg\",\"datePublished\":\"2014-12-07T17:26:58+00:00\",\"dateModified\":\"2026-01-12T12:19:29+00:00\",\"description\":\"Bernstorff Rechtsanw\u00e4lte Berlin arbeitet eng mit Steuerberatern, Wirtschaftspr\u00fcfern und spezialisierten Rechtsanw\u00e4lten zusammen, um Mandanten umfassend und interdisziplin\u00e4r zu beraten.\",\"breadcrumb\":{\"@id\":\"https:\\\/\\\/kanzlei-bernstorff.de\\\/unsere-kooperationspartner\\\/#breadcrumb\"},\"inLanguage\":\"en-US\",\"potentialAction\":[{\"@type\":\"ReadAction\",\"target\":[\"https:\\\/\\\/kanzlei-bernstorff.de\\\/unsere-kooperationspartner\\\/\"]}]},{\"@type\":\"ImageObject\",\"inLanguage\":\"en-US\",\"@id\":\"https:\\\/\\\/kanzlei-bernstorff.de\\\/unsere-kooperationspartner\\\/#primaryimage\",\"url\":\"https:\\\/\\\/kanzlei-bernstorff.de\\\/wp-content\\\/uploads\\\/2014\\\/12\\\/1e_bg.jpg\",\"contentUrl\":\"https:\\\/\\\/kanzlei-bernstorff.de\\\/wp-content\\\/uploads\\\/2014\\\/12\\\/1e_bg.jpg\",\"width\":816,\"height\":298},{\"@type\":\"BreadcrumbList\",\"@id\":\"https:\\\/\\\/kanzlei-bernstorff.de\\\/unsere-kooperationspartner\\\/#breadcrumb\",\"itemListElement\":[{\"@type\":\"ListItem\",\"position\":1,\"name\":\"Home\",\"item\":\"https:\\\/\\\/kanzlei-bernstorff.de\\\/\"},{\"@type\":\"ListItem\",\"position\":2,\"name\":\"Unsere Kooperationspartner\"}]},{\"@type\":\"WebSite\",\"@id\":\"https:\\\/\\\/kanzlei-bernstorff.de\\\/#website\",\"url\":\"https:\\\/\\\/kanzlei-bernstorff.de\\\/\",\"name\":\"Bernstorff - Rechtsanw\u00e4lte Partnerschaftsgesellschaft mbB\",\"description\":\"Rechtsanw\u00e4lte Partnerschaftsgesellschaft mbB\",\"publisher\":{\"@id\":\"https:\\\/\\\/kanzlei-bernstorff.de\\\/#organization\"},\"potentialAction\":[{\"@type\":\"SearchAction\",\"target\":{\"@type\":\"EntryPoint\",\"urlTemplate\":\"https:\\\/\\\/kanzlei-bernstorff.de\\\/?s={search_term_string}\"},\"query-input\":{\"@type\":\"PropertyValueSpecification\",\"valueRequired\":true,\"valueName\":\"search_term_string\"}}],\"inLanguage\":\"en-US\"},{\"@type\":\"Organization\",\"@id\":\"https:\\\/\\\/kanzlei-bernstorff.de\\\/#organization\",\"name\":\"Bernstorff - Rechtsanw\u00e4lte Partnerschaftsgesellschaft mbB\",\"url\":\"https:\\\/\\\/kanzlei-bernstorff.de\\\/\",\"logo\":{\"@type\":\"ImageObject\",\"inLanguage\":\"en-US\",\"@id\":\"https:\\\/\\\/kanzlei-bernstorff.de\\\/#\\\/schema\\\/logo\\\/image\\\/\",\"url\":\"https:\\\/\\\/kanzlei-bernstorff.de\\\/wp-content\\\/uploads\\\/2025\\\/12\\\/kanzlei-bernstorff-group-x.png\",\"contentUrl\":\"https:\\\/\\\/kanzlei-bernstorff.de\\\/wp-content\\\/uploads\\\/2025\\\/12\\\/kanzlei-bernstorff-group-x.png\",\"width\":1360,\"height\":680,\"caption\":\"Bernstorff - Rechtsanw\u00e4lte Partnerschaftsgesellschaft mbB\"},\"image\":{\"@id\":\"https:\\\/\\\/kanzlei-bernstorff.de\\\/#\\\/schema\\\/logo\\\/image\\\/\"}}]}<\/script>\n<!-- \/ Yoast SEO plugin. -->","yoast_head_json":{"title":"Kanzlei - Bernstorff | Unsere Kooperationspartner","description":"Bernstorff Rechtsanw\u00e4lte Berlin arbeitet eng mit Steuerberatern, Wirtschaftspr\u00fcfern und spezialisierten Rechtsanw\u00e4lten zusammen, um Mandanten umfassend und interdisziplin\u00e4r zu beraten.","robots":{"index":"index","follow":"follow","max-snippet":"max-snippet:-1","max-image-preview":"max-image-preview:large","max-video-preview":"max-video-preview:-1"},"canonical":"https:\/\/kanzlei-bernstorff.de\/en\/unsere-kooperationspartner\/","og_locale":"en_US","og_type":"article","og_title":"Kanzlei - Bernstorff | Unsere Kooperationspartner","og_description":"Bernstorff Rechtsanw\u00e4lte Berlin arbeitet eng mit Steuerberatern, Wirtschaftspr\u00fcfern und spezialisierten Rechtsanw\u00e4lten zusammen, um Mandanten umfassend und interdisziplin\u00e4r zu beraten.","og_url":"https:\/\/kanzlei-bernstorff.de\/en\/unsere-kooperationspartner\/","og_site_name":"Bernstorff - Rechtsanw\u00e4lte Partnerschaftsgesellschaft mbB","article_modified_time":"2026-01-12T12:19:29+00:00","og_image":[{"width":816,"height":298,"url":"https:\/\/kanzlei-bernstorff.de\/wp-content\/uploads\/2014\/12\/1e_bg.jpg","type":"image\/jpeg"}],"twitter_card":"summary_large_image","twitter_misc":{"Est. reading time":"1 minute"},"schema":{"@context":"https:\/\/schema.org","@graph":[{"@type":"WebPage","@id":"https:\/\/kanzlei-bernstorff.de\/unsere-kooperationspartner\/","url":"https:\/\/kanzlei-bernstorff.de\/unsere-kooperationspartner\/","name":"Kanzlei - Bernstorff | Unsere Kooperationspartner","isPartOf":{"@id":"https:\/\/kanzlei-bernstorff.de\/#website"},"primaryImageOfPage":{"@id":"https:\/\/kanzlei-bernstorff.de\/unsere-kooperationspartner\/#primaryimage"},"image":{"@id":"https:\/\/kanzlei-bernstorff.de\/unsere-kooperationspartner\/#primaryimage"},"thumbnailUrl":"https:\/\/kanzlei-bernstorff.de\/wp-content\/uploads\/2014\/12\/1e_bg.jpg","datePublished":"2014-12-07T17:26:58+00:00","dateModified":"2026-01-12T12:19:29+00:00","description":"Bernstorff Rechtsanw\u00e4lte Berlin arbeitet eng mit Steuerberatern, Wirtschaftspr\u00fcfern und spezialisierten Rechtsanw\u00e4lten zusammen, um Mandanten umfassend und interdisziplin\u00e4r zu beraten.","breadcrumb":{"@id":"https:\/\/kanzlei-bernstorff.de\/unsere-kooperationspartner\/#breadcrumb"},"inLanguage":"en-US","potentialAction":[{"@type":"ReadAction","target":["https:\/\/kanzlei-bernstorff.de\/unsere-kooperationspartner\/"]}]},{"@type":"ImageObject","inLanguage":"en-US","@id":"https:\/\/kanzlei-bernstorff.de\/unsere-kooperationspartner\/#primaryimage","url":"https:\/\/kanzlei-bernstorff.de\/wp-content\/uploads\/2014\/12\/1e_bg.jpg","contentUrl":"https:\/\/kanzlei-bernstorff.de\/wp-content\/uploads\/2014\/12\/1e_bg.jpg","width":816,"height":298},{"@type":"BreadcrumbList","@id":"https:\/\/kanzlei-bernstorff.de\/unsere-kooperationspartner\/#breadcrumb","itemListElement":[{"@type":"ListItem","position":1,"name":"Home","item":"https:\/\/kanzlei-bernstorff.de\/"},{"@type":"ListItem","position":2,"name":"Unsere Kooperationspartner"}]},{"@type":"WebSite","@id":"https:\/\/kanzlei-bernstorff.de\/#website","url":"https:\/\/kanzlei-bernstorff.de\/","name":"Bernstorff - Rechtsanw\u00e4lte Partnerschaftsgesellschaft mbB","description":"Rechtsanw\u00e4lte Partnerschaftsgesellschaft mbB","publisher":{"@id":"https:\/\/kanzlei-bernstorff.de\/#organization"},"potentialAction":[{"@type":"SearchAction","target":{"@type":"EntryPoint","urlTemplate":"https:\/\/kanzlei-bernstorff.de\/?s={search_term_string}"},"query-input":{"@type":"PropertyValueSpecification","valueRequired":true,"valueName":"search_term_string"}}],"inLanguage":"en-US"},{"@type":"Organization","@id":"https:\/\/kanzlei-bernstorff.de\/#organization","name":"Bernstorff - Rechtsanw\u00e4lte Partnerschaftsgesellschaft mbB","url":"https:\/\/kanzlei-bernstorff.de\/","logo":{"@type":"ImageObject","inLanguage":"en-US","@id":"https:\/\/kanzlei-bernstorff.de\/#\/schema\/logo\/image\/","url":"https:\/\/kanzlei-bernstorff.de\/wp-content\/uploads\/2025\/12\/kanzlei-bernstorff-group-x.png","contentUrl":"https:\/\/kanzlei-bernstorff.de\/wp-content\/uploads\/2025\/12\/kanzlei-bernstorff-group-x.png","width":1360,"height":680,"caption":"Bernstorff - Rechtsanw\u00e4lte Partnerschaftsgesellschaft mbB"},"image":{"@id":"https:\/\/kanzlei-bernstorff.de\/#\/schema\/logo\/image\/"}}]}},"_links":{"self":[{"href":"https:\/\/kanzlei-bernstorff.de\/en\/wp-json\/wp\/v2\/pages\/20","targetHints":{"allow":["GET"]}}],"collection":[{"href":"https:\/\/kanzlei-bernstorff.de\/en\/wp-json\/wp\/v2\/pages"}],"about":[{"href":"https:\/\/kanzlei-bernstorff.de\/en\/wp-json\/wp\/v2\/types\/page"}],"author":[{"embeddable":true,"href":"https:\/\/kanzlei-bernstorff.de\/en\/wp-json\/wp\/v2\/users\/1"}],"replies":[{"embeddable":true,"href":"https:\/\/kanzlei-bernstorff.de\/en\/wp-json\/wp\/v2\/comments?post=20"}],"version-history":[{"count":10,"href":"https:\/\/kanzlei-bernstorff.de\/en\/wp-json\/wp\/v2\/pages\/20\/revisions"}],"predecessor-version":[{"id":1948,"href":"https:\/\/kanzlei-bernstorff.de\/en\/wp-json\/wp\/v2\/pages\/20\/revisions\/1948"}],"wp:featuredmedia":[{"embeddable":true,"href":"https:\/\/kanzlei-bernstorff.de\/en\/wp-json\/wp\/v2\/media\/21"}],"wp:attachment":[{"href":"https:\/\/kanzlei-bernstorff.de\/en\/wp-json\/wp\/v2\/media?parent=20"}],"curies":[{"name":"wp","href":"https:\/\/api.w.org\/{rel}","templated":true}]}}