{"id":44,"date":"2014-12-08T18:49:29","date_gmt":"2014-12-08T16:49:29","guid":{"rendered":"https:\/\/kanzlei-bernstorff.de\/?page_id=44"},"modified":"2026-02-06T16:23:01","modified_gmt":"2026-02-06T15:23:01","slug":"niklas-graf-von-bernsdorff","status":"publish","type":"page","link":"https:\/\/kanzlei-bernstorff.de\/en\/uber-uns\/niklas-graf-von-bernsdorff\/","title":{"rendered":"Niklas Graf von Bernstorff"},"content":{"rendered":"<div class=\"wpb-content-wrapper\"><div class=\"vc_section wpex-relative\"><div class=\"vc_row wpb_row vc_row-fluid wpex-relative\"><div class=\"wpb_column vc_column_container vc_col-sm-12\"><div class=\"vc_column-inner\"><div class=\"wpb_wrapper\"><figure class=\"vcex-image vcex-module\"><div class=\"vcex-image-inner wpex-relative wpex-w-100 vc_custom_1770391379734\"><img width=\"2048\" height=\"1365\" src=\"https:\/\/kanzlei-bernstorff.de\/wp-content\/uploads\/2026\/02\/NiklasGrafvonBernstorff_4.jpg\" class=\"vcex-image-img wpex-align-middle wpex-w-100\" alt=\"Niklas Graf v. Bernstorff\" loading=\"lazy\" decoding=\"async\" srcset=\"https:\/\/kanzlei-bernstorff.de\/wp-content\/uploads\/2026\/02\/NiklasGrafvonBernstorff_4.jpg 2048w, https:\/\/kanzlei-bernstorff.de\/wp-content\/uploads\/2026\/02\/NiklasGrafvonBernstorff_4-300x200.jpg 300w, https:\/\/kanzlei-bernstorff.de\/wp-content\/uploads\/2026\/02\/NiklasGrafvonBernstorff_4-1024x683.jpg 1024w, https:\/\/kanzlei-bernstorff.de\/wp-content\/uploads\/2026\/02\/NiklasGrafvonBernstorff_4-768x512.jpg 768w, https:\/\/kanzlei-bernstorff.de\/wp-content\/uploads\/2026\/02\/NiklasGrafvonBernstorff_4-1536x1024.jpg 1536w, https:\/\/kanzlei-bernstorff.de\/wp-content\/uploads\/2026\/02\/NiklasGrafvonBernstorff_4-18x12.jpg 18w\" sizes=\"auto, (max-width: 2048px) 100vw, 2048px\" \/><\/div><\/figure><h4 style=\"font-size: 14px;color: #495D7E;line-height: 30px;text-align: left;font-family:Open Sans;font-weight:700;font-style:normal\" class=\"vc_custom_heading vc_do_custom_heading vc_custom_1764697998134\" >Niklas Graf von Bernstorff, LL.M. (Sydney)<\/h4>\n\t<div class=\"wpb_text_column wpb_content_element\" >\n\t\t<div class=\"wpb_wrapper\">\n\t\t\t<p>Lawyer<br \/>\n\u2013 Partner \u2013<\/p>\n\n\t\t<\/div>\n\t<\/div>\n<h4 style=\"font-size: 14px;color: #495D7E;line-height: 30px;text-align: left;font-family:Open Sans;font-weight:700;font-style:normal\" class=\"vc_custom_heading vc_do_custom_heading headingWithLineOnRight\" >R\u00e9sum\u00e9<\/h4><div class=\"vcex-module vcex-bullets vcex-bullets--vertical vcex-bullets-ni listWithBlueBox\">\n<ul role=\"list\">\n<li>Born 1959 in T\u00fcbingen<\/li>\n<li>Traineeship in export and import sales trading in Hamburg<\/li>\n<li>Studied law at the Universities of Heidelberg, Nice and M\u00fcnster<\/li>\n<li>Legal training at the Kammergericht Berlin (Berlin Court of Appeal), with postings to Brussels (EU) and Strasbourg (Council of Europe)<\/li>\n<li>3-year employment with an international trading company specialising in plant engineering and construction<\/li>\n<li>Awarded Master of Law (LL.M.) from the University of Sydney<\/li>\n<li>Practising lawyer since 1993<\/li>\n<\/ul>\n<\/div><h4 style=\"font-size: 14px;color: #495D7E;line-height: 30px;text-align: left;font-family:Open Sans;font-weight:700;font-style:normal\" class=\"vc_custom_heading vc_do_custom_heading headingWithLineOnRight\" >Interests And Main Areas Of Work<\/h4><div class=\"vcex-module vcex-bullets vcex-bullets--vertical vcex-bullets-ni listWithBlueBox\">\n<ul role=\"list\">\n<li>National and International Contract Law<\/li>\n<li>Export and Import Law, as well as Foreign Trade Law<\/li>\n<li>Distribution Law, including Commercial Agency and Distribution Law<\/li>\n<li>Construction and Architect Law<\/li>\n<li>Law on General Terms and Conditions<\/li>\n<li>License Law<\/li>\n<\/ul>\n<\/div><h4 style=\"font-size: 14px;color: #495D7E;line-height: 30px;text-align: left;font-family:Open Sans;font-weight:700;font-style:normal\" class=\"vc_custom_heading vc_do_custom_heading headingWithLineOnRight\" >Languages<\/h4>\n\t<div class=\"wpb_text_column wpb_content_element\" >\n\t\t<div class=\"wpb_wrapper\">\n\t\t\t<p>German, English, French<\/p>\n\n\t\t<\/div>\n\t<\/div>\n<div class=\"vcex-spacing wpex-w-100 wpex-clear\" style=\"height:30px;\"><\/div>\n\t<div style=\"text-align:start;\" class=\"wpb_text_column wpb_content_element dFlex justifyContentBetween\" >\n\t\t<div class=\"wpb_wrapper\">\n\t\t\t<p><a href=\"\/en\/markus-jahn\/\">Back<\/a><a href=\"\/en\/markus-jahn\/\"> Next<\/a><\/p>\n\n\t\t<\/div>\n\t<\/div>\n<\/div><\/div><\/div><\/div><\/div>\n<\/div>","protected":false},"excerpt":{"rendered":"Niklas Graf von Bernstorff, LL.M. (Sydney) Rechtsanwalt \u2013 Partner \u2013 R\u00e9sum\u00e9 geb. 1959 in T\u00fcbingen Ausbildung zum Kaufmann im Gro\u00df- und Au\u00dfenhandel in Hamburg Studium der Rechtswissenschaften an den Universit\u00e4ten Heidelberg, Nizza und M\u00fcnster Referendariat am Kammergericht Berlin mit Auslandsstationen in Br\u00fcssel (EU) und Strassburg (Europarat) 3-j\u00e4hrige T\u00e4tigkeit in einem internationalen Handelshaus mit Schwerpunkt Anlagenbau&hellip;","protected":false},"author":1,"featured_media":2304,"parent":17,"menu_order":0,"comment_status":"open","ping_status":"closed","template":"templates\/no-sidebar.php","meta":{"footnotes":""},"class_list":["post-44","page","type-page","status-publish","has-post-thumbnail","hentry","entry","has-media"],"yoast_head":"<!-- This site is optimized with the Yoast SEO plugin v27.4 - https:\/\/yoast.com\/product\/yoast-seo-wordpress\/ -->\n<title>Kanzlei - Bernstorff | Rechtsanwalt - Niklas Graf von Bernstorff<\/title>\n<meta name=\"description\" content=\"Niklas Graf von Bernstorff, Rechtsanwalt bei Bernstorff in Berlin \u2013 Beratung im nationalen und internationalen Vertragsrecht, Au\u00dfenwirtschaftsrecht, Vertriebsrecht, Bau- und Architektenrecht sowie AGB- und Lizenzrecht.\" \/>\n<meta name=\"robots\" content=\"index, follow, max-snippet:-1, max-image-preview:large, max-video-preview:-1\" \/>\n<link rel=\"canonical\" href=\"https:\/\/kanzlei-bernstorff.de\/en\/uber-uns\/niklas-graf-von-bernsdorff\/\" \/>\n<meta property=\"og:locale\" content=\"en_US\" \/>\n<meta property=\"og:type\" content=\"article\" \/>\n<meta property=\"og:title\" content=\"Kanzlei - Bernstorff | Rechtsanwalt - Niklas Graf von Bernstorff\" \/>\n<meta property=\"og:description\" content=\"Niklas Graf von Bernstorff, Rechtsanwalt bei Bernstorff in Berlin \u2013 Beratung im nationalen und internationalen Vertragsrecht, Au\u00dfenwirtschaftsrecht, Vertriebsrecht, Bau- und Architektenrecht sowie AGB- und Lizenzrecht.\" \/>\n<meta property=\"og:url\" content=\"https:\/\/kanzlei-bernstorff.de\/en\/uber-uns\/niklas-graf-von-bernsdorff\/\" \/>\n<meta property=\"og:site_name\" content=\"Bernstorff - Rechtsanw\u00e4lte Partnerschaftsgesellschaft mbB\" \/>\n<meta property=\"article:modified_time\" content=\"2026-02-06T15:23:01+00:00\" \/>\n<meta property=\"og:image\" content=\"https:\/\/kanzlei-bernstorff.de\/wp-content\/uploads\/2026\/02\/NiklasGrafvonBernstorff_4.jpg\" \/>\n\t<meta property=\"og:image:width\" content=\"2048\" \/>\n\t<meta property=\"og:image:height\" content=\"1365\" \/>\n\t<meta property=\"og:image:type\" content=\"image\/jpeg\" \/>\n<meta name=\"twitter:card\" content=\"summary_large_image\" \/>\n<meta name=\"twitter:label1\" content=\"Est. reading time\" \/>\n\t<meta name=\"twitter:data1\" content=\"2 minutes\" \/>\n<script type=\"application\/ld+json\" class=\"yoast-schema-graph\">{\"@context\":\"https:\\\/\\\/schema.org\",\"@graph\":[{\"@type\":\"WebPage\",\"@id\":\"https:\\\/\\\/kanzlei-bernstorff.de\\\/uber-uns\\\/niklas-graf-von-bernsdorff\\\/\",\"url\":\"https:\\\/\\\/kanzlei-bernstorff.de\\\/uber-uns\\\/niklas-graf-von-bernsdorff\\\/\",\"name\":\"Kanzlei - Bernstorff | Rechtsanwalt - Niklas Graf von Bernstorff\",\"isPartOf\":{\"@id\":\"https:\\\/\\\/kanzlei-bernstorff.de\\\/#website\"},\"primaryImageOfPage\":{\"@id\":\"https:\\\/\\\/kanzlei-bernstorff.de\\\/uber-uns\\\/niklas-graf-von-bernsdorff\\\/#primaryimage\"},\"image\":{\"@id\":\"https:\\\/\\\/kanzlei-bernstorff.de\\\/uber-uns\\\/niklas-graf-von-bernsdorff\\\/#primaryimage\"},\"thumbnailUrl\":\"https:\\\/\\\/kanzlei-bernstorff.de\\\/wp-content\\\/uploads\\\/2026\\\/02\\\/NiklasGrafvonBernstorff_4.jpg\",\"datePublished\":\"2014-12-08T16:49:29+00:00\",\"dateModified\":\"2026-02-06T15:23:01+00:00\",\"description\":\"Niklas Graf von Bernstorff, Rechtsanwalt bei Bernstorff in Berlin \u2013 Beratung im nationalen und internationalen Vertragsrecht, Au\u00dfenwirtschaftsrecht, Vertriebsrecht, Bau- und Architektenrecht sowie AGB- und Lizenzrecht.\",\"breadcrumb\":{\"@id\":\"https:\\\/\\\/kanzlei-bernstorff.de\\\/uber-uns\\\/niklas-graf-von-bernsdorff\\\/#breadcrumb\"},\"inLanguage\":\"en-US\",\"potentialAction\":[{\"@type\":\"ReadAction\",\"target\":[\"https:\\\/\\\/kanzlei-bernstorff.de\\\/uber-uns\\\/niklas-graf-von-bernsdorff\\\/\"]}]},{\"@type\":\"ImageObject\",\"inLanguage\":\"en-US\",\"@id\":\"https:\\\/\\\/kanzlei-bernstorff.de\\\/uber-uns\\\/niklas-graf-von-bernsdorff\\\/#primaryimage\",\"url\":\"https:\\\/\\\/kanzlei-bernstorff.de\\\/wp-content\\\/uploads\\\/2026\\\/02\\\/NiklasGrafvonBernstorff_4.jpg\",\"contentUrl\":\"https:\\\/\\\/kanzlei-bernstorff.de\\\/wp-content\\\/uploads\\\/2026\\\/02\\\/NiklasGrafvonBernstorff_4.jpg\",\"width\":2048,\"height\":1365,\"caption\":\"Niklas Graf v. Bernstorff\"},{\"@type\":\"BreadcrumbList\",\"@id\":\"https:\\\/\\\/kanzlei-bernstorff.de\\\/uber-uns\\\/niklas-graf-von-bernsdorff\\\/#breadcrumb\",\"itemListElement\":[{\"@type\":\"ListItem\",\"position\":1,\"name\":\"Home\",\"item\":\"https:\\\/\\\/kanzlei-bernstorff.de\\\/\"},{\"@type\":\"ListItem\",\"position\":2,\"name\":\"Anw\u00e4lte\",\"item\":\"https:\\\/\\\/kanzlei-bernstorff.de\\\/uber-uns\\\/\"},{\"@type\":\"ListItem\",\"position\":3,\"name\":\"Niklas Graf von Bernstorff\"}]},{\"@type\":\"WebSite\",\"@id\":\"https:\\\/\\\/kanzlei-bernstorff.de\\\/#website\",\"url\":\"https:\\\/\\\/kanzlei-bernstorff.de\\\/\",\"name\":\"Bernstorff - Rechtsanw\u00e4lte Partnerschaftsgesellschaft mbB\",\"description\":\"Rechtsanw\u00e4lte Partnerschaftsgesellschaft mbB\",\"publisher\":{\"@id\":\"https:\\\/\\\/kanzlei-bernstorff.de\\\/#organization\"},\"potentialAction\":[{\"@type\":\"SearchAction\",\"target\":{\"@type\":\"EntryPoint\",\"urlTemplate\":\"https:\\\/\\\/kanzlei-bernstorff.de\\\/?s={search_term_string}\"},\"query-input\":{\"@type\":\"PropertyValueSpecification\",\"valueRequired\":true,\"valueName\":\"search_term_string\"}}],\"inLanguage\":\"en-US\"},{\"@type\":\"Organization\",\"@id\":\"https:\\\/\\\/kanzlei-bernstorff.de\\\/#organization\",\"name\":\"Bernstorff - Rechtsanw\u00e4lte Partnerschaftsgesellschaft mbB\",\"url\":\"https:\\\/\\\/kanzlei-bernstorff.de\\\/\",\"logo\":{\"@type\":\"ImageObject\",\"inLanguage\":\"en-US\",\"@id\":\"https:\\\/\\\/kanzlei-bernstorff.de\\\/#\\\/schema\\\/logo\\\/image\\\/\",\"url\":\"https:\\\/\\\/kanzlei-bernstorff.de\\\/wp-content\\\/uploads\\\/2025\\\/12\\\/kanzlei-bernstorff-group-x.png\",\"contentUrl\":\"https:\\\/\\\/kanzlei-bernstorff.de\\\/wp-content\\\/uploads\\\/2025\\\/12\\\/kanzlei-bernstorff-group-x.png\",\"width\":1360,\"height\":680,\"caption\":\"Bernstorff - Rechtsanw\u00e4lte Partnerschaftsgesellschaft mbB\"},\"image\":{\"@id\":\"https:\\\/\\\/kanzlei-bernstorff.de\\\/#\\\/schema\\\/logo\\\/image\\\/\"}}]}<\/script>\n<!-- \/ Yoast SEO plugin. -->","yoast_head_json":{"title":"Kanzlei - Bernstorff | Rechtsanwalt - Niklas Graf von Bernstorff","description":"Niklas Graf von Bernstorff, Rechtsanwalt bei Bernstorff in Berlin \u2013 Beratung im nationalen und internationalen Vertragsrecht, Au\u00dfenwirtschaftsrecht, Vertriebsrecht, Bau- und Architektenrecht sowie AGB- und Lizenzrecht.","robots":{"index":"index","follow":"follow","max-snippet":"max-snippet:-1","max-image-preview":"max-image-preview:large","max-video-preview":"max-video-preview:-1"},"canonical":"https:\/\/kanzlei-bernstorff.de\/en\/uber-uns\/niklas-graf-von-bernsdorff\/","og_locale":"en_US","og_type":"article","og_title":"Kanzlei - Bernstorff | Rechtsanwalt - Niklas Graf von Bernstorff","og_description":"Niklas Graf von Bernstorff, Rechtsanwalt bei Bernstorff in Berlin \u2013 Beratung im nationalen und internationalen Vertragsrecht, Au\u00dfenwirtschaftsrecht, Vertriebsrecht, Bau- und Architektenrecht sowie AGB- und Lizenzrecht.","og_url":"https:\/\/kanzlei-bernstorff.de\/en\/uber-uns\/niklas-graf-von-bernsdorff\/","og_site_name":"Bernstorff - Rechtsanw\u00e4lte Partnerschaftsgesellschaft mbB","article_modified_time":"2026-02-06T15:23:01+00:00","og_image":[{"width":2048,"height":1365,"url":"https:\/\/kanzlei-bernstorff.de\/wp-content\/uploads\/2026\/02\/NiklasGrafvonBernstorff_4.jpg","type":"image\/jpeg"}],"twitter_card":"summary_large_image","twitter_misc":{"Est. reading time":"2 minutes"},"schema":{"@context":"https:\/\/schema.org","@graph":[{"@type":"WebPage","@id":"https:\/\/kanzlei-bernstorff.de\/uber-uns\/niklas-graf-von-bernsdorff\/","url":"https:\/\/kanzlei-bernstorff.de\/uber-uns\/niklas-graf-von-bernsdorff\/","name":"Kanzlei - Bernstorff | Rechtsanwalt - Niklas Graf von Bernstorff","isPartOf":{"@id":"https:\/\/kanzlei-bernstorff.de\/#website"},"primaryImageOfPage":{"@id":"https:\/\/kanzlei-bernstorff.de\/uber-uns\/niklas-graf-von-bernsdorff\/#primaryimage"},"image":{"@id":"https:\/\/kanzlei-bernstorff.de\/uber-uns\/niklas-graf-von-bernsdorff\/#primaryimage"},"thumbnailUrl":"https:\/\/kanzlei-bernstorff.de\/wp-content\/uploads\/2026\/02\/NiklasGrafvonBernstorff_4.jpg","datePublished":"2014-12-08T16:49:29+00:00","dateModified":"2026-02-06T15:23:01+00:00","description":"Niklas Graf von Bernstorff, Rechtsanwalt bei Bernstorff in Berlin \u2013 Beratung im nationalen und internationalen Vertragsrecht, Au\u00dfenwirtschaftsrecht, Vertriebsrecht, Bau- und Architektenrecht sowie AGB- und Lizenzrecht.","breadcrumb":{"@id":"https:\/\/kanzlei-bernstorff.de\/uber-uns\/niklas-graf-von-bernsdorff\/#breadcrumb"},"inLanguage":"en-US","potentialAction":[{"@type":"ReadAction","target":["https:\/\/kanzlei-bernstorff.de\/uber-uns\/niklas-graf-von-bernsdorff\/"]}]},{"@type":"ImageObject","inLanguage":"en-US","@id":"https:\/\/kanzlei-bernstorff.de\/uber-uns\/niklas-graf-von-bernsdorff\/#primaryimage","url":"https:\/\/kanzlei-bernstorff.de\/wp-content\/uploads\/2026\/02\/NiklasGrafvonBernstorff_4.jpg","contentUrl":"https:\/\/kanzlei-bernstorff.de\/wp-content\/uploads\/2026\/02\/NiklasGrafvonBernstorff_4.jpg","width":2048,"height":1365,"caption":"Niklas Graf v. Bernstorff"},{"@type":"BreadcrumbList","@id":"https:\/\/kanzlei-bernstorff.de\/uber-uns\/niklas-graf-von-bernsdorff\/#breadcrumb","itemListElement":[{"@type":"ListItem","position":1,"name":"Home","item":"https:\/\/kanzlei-bernstorff.de\/"},{"@type":"ListItem","position":2,"name":"Anw\u00e4lte","item":"https:\/\/kanzlei-bernstorff.de\/uber-uns\/"},{"@type":"ListItem","position":3,"name":"Niklas Graf von Bernstorff"}]},{"@type":"WebSite","@id":"https:\/\/kanzlei-bernstorff.de\/#website","url":"https:\/\/kanzlei-bernstorff.de\/","name":"Bernstorff - Rechtsanw\u00e4lte Partnerschaftsgesellschaft mbB","description":"Rechtsanw\u00e4lte Partnerschaftsgesellschaft mbB","publisher":{"@id":"https:\/\/kanzlei-bernstorff.de\/#organization"},"potentialAction":[{"@type":"SearchAction","target":{"@type":"EntryPoint","urlTemplate":"https:\/\/kanzlei-bernstorff.de\/?s={search_term_string}"},"query-input":{"@type":"PropertyValueSpecification","valueRequired":true,"valueName":"search_term_string"}}],"inLanguage":"en-US"},{"@type":"Organization","@id":"https:\/\/kanzlei-bernstorff.de\/#organization","name":"Bernstorff - Rechtsanw\u00e4lte Partnerschaftsgesellschaft mbB","url":"https:\/\/kanzlei-bernstorff.de\/","logo":{"@type":"ImageObject","inLanguage":"en-US","@id":"https:\/\/kanzlei-bernstorff.de\/#\/schema\/logo\/image\/","url":"https:\/\/kanzlei-bernstorff.de\/wp-content\/uploads\/2025\/12\/kanzlei-bernstorff-group-x.png","contentUrl":"https:\/\/kanzlei-bernstorff.de\/wp-content\/uploads\/2025\/12\/kanzlei-bernstorff-group-x.png","width":1360,"height":680,"caption":"Bernstorff - Rechtsanw\u00e4lte Partnerschaftsgesellschaft mbB"},"image":{"@id":"https:\/\/kanzlei-bernstorff.de\/#\/schema\/logo\/image\/"}}]}},"_links":{"self":[{"href":"https:\/\/kanzlei-bernstorff.de\/en\/wp-json\/wp\/v2\/pages\/44","targetHints":{"allow":["GET"]}}],"collection":[{"href":"https:\/\/kanzlei-bernstorff.de\/en\/wp-json\/wp\/v2\/pages"}],"about":[{"href":"https:\/\/kanzlei-bernstorff.de\/en\/wp-json\/wp\/v2\/types\/page"}],"author":[{"embeddable":true,"href":"https:\/\/kanzlei-bernstorff.de\/en\/wp-json\/wp\/v2\/users\/1"}],"replies":[{"embeddable":true,"href":"https:\/\/kanzlei-bernstorff.de\/en\/wp-json\/wp\/v2\/comments?post=44"}],"version-history":[{"count":10,"href":"https:\/\/kanzlei-bernstorff.de\/en\/wp-json\/wp\/v2\/pages\/44\/revisions"}],"predecessor-version":[{"id":2306,"href":"https:\/\/kanzlei-bernstorff.de\/en\/wp-json\/wp\/v2\/pages\/44\/revisions\/2306"}],"up":[{"embeddable":true,"href":"https:\/\/kanzlei-bernstorff.de\/en\/wp-json\/wp\/v2\/pages\/17"}],"wp:featuredmedia":[{"embeddable":true,"href":"https:\/\/kanzlei-bernstorff.de\/en\/wp-json\/wp\/v2\/media\/2304"}],"wp:attachment":[{"href":"https:\/\/kanzlei-bernstorff.de\/en\/wp-json\/wp\/v2\/media?parent=44"}],"curies":[{"name":"wp","href":"https:\/\/api.w.org\/{rel}","templated":true}]}}