{"id":46,"date":"2014-12-08T18:59:16","date_gmt":"2014-12-08T16:59:16","guid":{"rendered":"https:\/\/kanzlei-bernstorff.de\/?page_id=46"},"modified":"2026-01-12T13:11:46","modified_gmt":"2026-01-12T12:11:46","slug":"markus-jahn","status":"publish","type":"page","link":"https:\/\/kanzlei-bernstorff.de\/en\/uber-uns\/markus-jahn\/","title":{"rendered":"Markus Jahn"},"content":{"rendered":"<div class=\"wpb-content-wrapper\"><div class=\"vc_section wpex-relative\"><div class=\"vc_row wpb_row vc_row-fluid wpex-relative\"><div class=\"wpb_column vc_column_container vc_col-sm-12\"><div class=\"vc_column-inner\"><div class=\"wpb_wrapper\"><figure class=\"vcex-image vcex-module\"><div class=\"vcex-image-inner wpex-relative wpex-w-100 vc_custom_1764691021294\"><img width=\"2560\" height=\"1707\" src=\"https:\/\/kanzlei-bernstorff.de\/wp-content\/uploads\/2025\/12\/MarkusJahn_3-scaled.jpg\" class=\"vcex-image-img wpex-align-middle wpex-w-100\" alt=\"\" loading=\"lazy\" decoding=\"async\" srcset=\"https:\/\/kanzlei-bernstorff.de\/wp-content\/uploads\/2025\/12\/MarkusJahn_3-scaled.jpg 2560w, https:\/\/kanzlei-bernstorff.de\/wp-content\/uploads\/2025\/12\/MarkusJahn_3-300x200.jpg 300w, https:\/\/kanzlei-bernstorff.de\/wp-content\/uploads\/2025\/12\/MarkusJahn_3-1024x683.jpg 1024w, https:\/\/kanzlei-bernstorff.de\/wp-content\/uploads\/2025\/12\/MarkusJahn_3-768x512.jpg 768w, https:\/\/kanzlei-bernstorff.de\/wp-content\/uploads\/2025\/12\/MarkusJahn_3-1536x1024.jpg 1536w, https:\/\/kanzlei-bernstorff.de\/wp-content\/uploads\/2025\/12\/MarkusJahn_3-2048x1365.jpg 2048w, https:\/\/kanzlei-bernstorff.de\/wp-content\/uploads\/2025\/12\/MarkusJahn_3-18x12.jpg 18w\" sizes=\"auto, (max-width: 2560px) 100vw, 2560px\" \/><\/div><\/figure><h4 style=\"font-size: 14px;color: #495D7E;line-height: 30px;text-align: left;font-family:Open Sans;font-weight:700;font-style:normal\" class=\"vc_custom_heading vc_do_custom_heading vc_custom_1764698069012\" >Markus Jahn, LL.M. (Sydney)<\/h4>\n\t<div class=\"wpb_text_column wpb_content_element\" >\n\t\t<div class=\"wpb_wrapper\">\n\t\t\t<p>Lawyer and Certified Lawyer in Labour Law<br \/>\nCertified Data Protection Officer (T\u00dcV)<br \/>\n\u2013 Partner \u2013<\/p>\n\n\t\t<\/div>\n\t<\/div>\n<h4 style=\"font-size: 14px;color: #495D7E;line-height: 30px;text-align: left;font-family:Open Sans;font-weight:700;font-style:normal\" class=\"vc_custom_heading vc_do_custom_heading headingWithLineOnRight\" >R\u00e9sum\u00e9<\/h4><div class=\"vcex-module vcex-bullets vcex-bullets--vertical vcex-bullets-ni listWithBlueBox\">\n<ul role=\"list\">\n<li>Born 1973 in Berlin<\/li>\n<li>Studied law at the Freie Universit\u00e4t (FU) University Berlin<\/li>\n<li>Legal training at the Kammergericht Berlin (Higher Regional Court of Berlin)<\/li>\n<li>Practising lawyer since 2004<\/li>\n<li>Awarded Master of Law (LL.M.) from the University of Sydney<\/li>\n<li>Admitted as Certified Lawyer specialised in Labour Law in 2008<\/li>\n<li>2017 Compliance Officer (C.H. BECK)<\/li>\n<li>2025 Certified Data Protection Officer (T\u00dcV)<\/li>\n<\/ul>\n<\/div><div class=\"vcex-spacing wpex-w-100 wpex-clear\" style=\"height:10px;\"><\/div>\n\t<div class=\"wpb_text_column wpb_content_element\" >\n\t\t<div class=\"wpb_wrapper\">\n\t\t\t<p>Further committee functions: Member of the arbitration committee of the Berlin Chamber of Commerce for disputes in apprenticeships<\/p>\n\n\t\t<\/div>\n\t<\/div>\n<h4 style=\"font-size: 14px;color: #495D7E;line-height: 30px;text-align: left;font-family:Open Sans;font-weight:700;font-style:normal\" class=\"vc_custom_heading vc_do_custom_heading headingWithLineOnRight\" >Interests And Main Areas Of Work<\/h4><div class=\"vcex-module vcex-bullets vcex-bullets--vertical vcex-bullets-ni listWithBlueBox\">\n<ul role=\"list\">\n<li>Individual Labour Law<\/li>\n<li>Collective Labour Law<\/li>\n<li>Data Protection Law<\/li>\n<li>Compliance<\/li>\n<\/ul>\n<\/div><h4 style=\"font-size: 14px;color: #495D7E;line-height: 30px;text-align: left;font-family:Open Sans;font-weight:700;font-style:normal\" class=\"vc_custom_heading vc_do_custom_heading headingWithLineOnRight\" >Languages<\/h4>\n\t<div class=\"wpb_text_column wpb_content_element\" >\n\t\t<div class=\"wpb_wrapper\">\n\t\t\t<p>German, English<\/p>\n\n\t\t<\/div>\n\t<\/div>\n<div class=\"vcex-spacing wpex-w-100 wpex-clear\" style=\"height:30px;\"><\/div>\n\t<div class=\"wpb_text_column wpb_content_element dFlex justifyContentBetween\" >\n\t\t<div class=\"wpb_wrapper\">\n\t\t\t<p><a href=\"\/en\/niklas-graf-von-bernstorff\/\">Back<\/a><a href=\"\/en\/sven-blumner\/\"> Next<\/a><\/p>\n\n\t\t<\/div>\n\t<\/div>\n<\/div><\/div><\/div><\/div><\/div>\n<\/div>","protected":false},"excerpt":{"rendered":"Markus Jahn, LL.M. (Sydney) Rechtsanwalt und Fachanwalt f\u00fcr Arbeitsrecht Gepr. Datenschutzbeauftragter (T\u00dcV) \u2013 Partner \u2013 R\u00e9sum\u00e9 geb. 1973 in Berlin Studium der Rechtswissenschaften an der Freien Universit\u00e4t Berlin Referendariat am Kammergericht Berlin 2004 Zulassung als Rechtsanwalt Erwerb des Titels eines Master of Law (LL.M.), University of Sydney 2008 Zulassung als Fachanwalt f\u00fcr Arbeitsrecht 2017 Compliance&hellip;","protected":false},"author":1,"featured_media":0,"parent":17,"menu_order":0,"comment_status":"open","ping_status":"closed","template":"templates\/no-sidebar.php","meta":{"footnotes":""},"class_list":["post-46","page","type-page","status-publish","hentry","entry","no-media"],"yoast_head":"<!-- This site is optimized with the Yoast SEO plugin v27.4 - https:\/\/yoast.com\/product\/yoast-seo-wordpress\/ -->\n<title>Kanzlei - Bernstorff | Rechtsanwalt - Markus Jahn<\/title>\n<meta name=\"description\" content=\"Markus Jahn ist Fachanwalt f\u00fcr Arbeitsrecht bei Bernstorff Rechtsanw\u00e4lte in Berlin mit Schwerpunkten im Individualarbeitsrecht, kollektiven Arbeitsrecht, K\u00fcndigungsschutzrecht, Datenschutzrecht und Compliance.\" \/>\n<meta name=\"robots\" content=\"index, follow, max-snippet:-1, max-image-preview:large, max-video-preview:-1\" \/>\n<link rel=\"canonical\" href=\"https:\/\/kanzlei-bernstorff.de\/en\/uber-uns\/markus-jahn\/\" \/>\n<meta property=\"og:locale\" content=\"en_US\" \/>\n<meta property=\"og:type\" content=\"article\" \/>\n<meta property=\"og:title\" content=\"Kanzlei - Bernstorff | Rechtsanwalt - Markus Jahn\" \/>\n<meta property=\"og:description\" content=\"Markus Jahn ist Fachanwalt f\u00fcr Arbeitsrecht bei Bernstorff Rechtsanw\u00e4lte in Berlin mit Schwerpunkten im Individualarbeitsrecht, kollektiven Arbeitsrecht, K\u00fcndigungsschutzrecht, Datenschutzrecht und Compliance.\" \/>\n<meta property=\"og:url\" content=\"https:\/\/kanzlei-bernstorff.de\/en\/uber-uns\/markus-jahn\/\" \/>\n<meta property=\"og:site_name\" content=\"Bernstorff - Rechtsanw\u00e4lte Partnerschaftsgesellschaft mbB\" \/>\n<meta property=\"article:modified_time\" content=\"2026-01-12T12:11:46+00:00\" \/>\n<meta name=\"twitter:card\" content=\"summary_large_image\" \/>\n<meta name=\"twitter:label1\" content=\"Est. reading time\" \/>\n\t<meta name=\"twitter:data1\" content=\"1 minute\" \/>\n<script type=\"application\/ld+json\" class=\"yoast-schema-graph\">{\"@context\":\"https:\\\/\\\/schema.org\",\"@graph\":[{\"@type\":\"WebPage\",\"@id\":\"https:\\\/\\\/kanzlei-bernstorff.de\\\/uber-uns\\\/markus-jahn\\\/\",\"url\":\"https:\\\/\\\/kanzlei-bernstorff.de\\\/uber-uns\\\/markus-jahn\\\/\",\"name\":\"Kanzlei - Bernstorff | Rechtsanwalt - Markus Jahn\",\"isPartOf\":{\"@id\":\"https:\\\/\\\/kanzlei-bernstorff.de\\\/#website\"},\"datePublished\":\"2014-12-08T16:59:16+00:00\",\"dateModified\":\"2026-01-12T12:11:46+00:00\",\"description\":\"Markus Jahn ist Fachanwalt f\u00fcr Arbeitsrecht bei Bernstorff Rechtsanw\u00e4lte in Berlin mit Schwerpunkten im Individualarbeitsrecht, kollektiven Arbeitsrecht, K\u00fcndigungsschutzrecht, Datenschutzrecht und Compliance.\",\"breadcrumb\":{\"@id\":\"https:\\\/\\\/kanzlei-bernstorff.de\\\/uber-uns\\\/markus-jahn\\\/#breadcrumb\"},\"inLanguage\":\"en-US\",\"potentialAction\":[{\"@type\":\"ReadAction\",\"target\":[\"https:\\\/\\\/kanzlei-bernstorff.de\\\/uber-uns\\\/markus-jahn\\\/\"]}]},{\"@type\":\"BreadcrumbList\",\"@id\":\"https:\\\/\\\/kanzlei-bernstorff.de\\\/uber-uns\\\/markus-jahn\\\/#breadcrumb\",\"itemListElement\":[{\"@type\":\"ListItem\",\"position\":1,\"name\":\"Home\",\"item\":\"https:\\\/\\\/kanzlei-bernstorff.de\\\/\"},{\"@type\":\"ListItem\",\"position\":2,\"name\":\"Anw\u00e4lte\",\"item\":\"https:\\\/\\\/kanzlei-bernstorff.de\\\/uber-uns\\\/\"},{\"@type\":\"ListItem\",\"position\":3,\"name\":\"Markus Jahn\"}]},{\"@type\":\"WebSite\",\"@id\":\"https:\\\/\\\/kanzlei-bernstorff.de\\\/#website\",\"url\":\"https:\\\/\\\/kanzlei-bernstorff.de\\\/\",\"name\":\"Bernstorff - Rechtsanw\u00e4lte Partnerschaftsgesellschaft mbB\",\"description\":\"Rechtsanw\u00e4lte Partnerschaftsgesellschaft mbB\",\"publisher\":{\"@id\":\"https:\\\/\\\/kanzlei-bernstorff.de\\\/#organization\"},\"potentialAction\":[{\"@type\":\"SearchAction\",\"target\":{\"@type\":\"EntryPoint\",\"urlTemplate\":\"https:\\\/\\\/kanzlei-bernstorff.de\\\/?s={search_term_string}\"},\"query-input\":{\"@type\":\"PropertyValueSpecification\",\"valueRequired\":true,\"valueName\":\"search_term_string\"}}],\"inLanguage\":\"en-US\"},{\"@type\":\"Organization\",\"@id\":\"https:\\\/\\\/kanzlei-bernstorff.de\\\/#organization\",\"name\":\"Bernstorff - Rechtsanw\u00e4lte Partnerschaftsgesellschaft mbB\",\"url\":\"https:\\\/\\\/kanzlei-bernstorff.de\\\/\",\"logo\":{\"@type\":\"ImageObject\",\"inLanguage\":\"en-US\",\"@id\":\"https:\\\/\\\/kanzlei-bernstorff.de\\\/#\\\/schema\\\/logo\\\/image\\\/\",\"url\":\"https:\\\/\\\/kanzlei-bernstorff.de\\\/wp-content\\\/uploads\\\/2025\\\/12\\\/kanzlei-bernstorff-group-x.png\",\"contentUrl\":\"https:\\\/\\\/kanzlei-bernstorff.de\\\/wp-content\\\/uploads\\\/2025\\\/12\\\/kanzlei-bernstorff-group-x.png\",\"width\":1360,\"height\":680,\"caption\":\"Bernstorff - Rechtsanw\u00e4lte Partnerschaftsgesellschaft mbB\"},\"image\":{\"@id\":\"https:\\\/\\\/kanzlei-bernstorff.de\\\/#\\\/schema\\\/logo\\\/image\\\/\"}}]}<\/script>\n<!-- \/ Yoast SEO plugin. -->","yoast_head_json":{"title":"Kanzlei - Bernstorff | Rechtsanwalt - Markus Jahn","description":"Markus Jahn ist Fachanwalt f\u00fcr Arbeitsrecht bei Bernstorff Rechtsanw\u00e4lte in Berlin mit Schwerpunkten im Individualarbeitsrecht, kollektiven Arbeitsrecht, K\u00fcndigungsschutzrecht, Datenschutzrecht und Compliance.","robots":{"index":"index","follow":"follow","max-snippet":"max-snippet:-1","max-image-preview":"max-image-preview:large","max-video-preview":"max-video-preview:-1"},"canonical":"https:\/\/kanzlei-bernstorff.de\/en\/uber-uns\/markus-jahn\/","og_locale":"en_US","og_type":"article","og_title":"Kanzlei - Bernstorff | Rechtsanwalt - Markus Jahn","og_description":"Markus Jahn ist Fachanwalt f\u00fcr Arbeitsrecht bei Bernstorff Rechtsanw\u00e4lte in Berlin mit Schwerpunkten im Individualarbeitsrecht, kollektiven Arbeitsrecht, K\u00fcndigungsschutzrecht, Datenschutzrecht und Compliance.","og_url":"https:\/\/kanzlei-bernstorff.de\/en\/uber-uns\/markus-jahn\/","og_site_name":"Bernstorff - Rechtsanw\u00e4lte Partnerschaftsgesellschaft mbB","article_modified_time":"2026-01-12T12:11:46+00:00","twitter_card":"summary_large_image","twitter_misc":{"Est. reading time":"1 minute"},"schema":{"@context":"https:\/\/schema.org","@graph":[{"@type":"WebPage","@id":"https:\/\/kanzlei-bernstorff.de\/uber-uns\/markus-jahn\/","url":"https:\/\/kanzlei-bernstorff.de\/uber-uns\/markus-jahn\/","name":"Kanzlei - Bernstorff | Rechtsanwalt - Markus Jahn","isPartOf":{"@id":"https:\/\/kanzlei-bernstorff.de\/#website"},"datePublished":"2014-12-08T16:59:16+00:00","dateModified":"2026-01-12T12:11:46+00:00","description":"Markus Jahn ist Fachanwalt f\u00fcr Arbeitsrecht bei Bernstorff Rechtsanw\u00e4lte in Berlin mit Schwerpunkten im Individualarbeitsrecht, kollektiven Arbeitsrecht, K\u00fcndigungsschutzrecht, Datenschutzrecht und Compliance.","breadcrumb":{"@id":"https:\/\/kanzlei-bernstorff.de\/uber-uns\/markus-jahn\/#breadcrumb"},"inLanguage":"en-US","potentialAction":[{"@type":"ReadAction","target":["https:\/\/kanzlei-bernstorff.de\/uber-uns\/markus-jahn\/"]}]},{"@type":"BreadcrumbList","@id":"https:\/\/kanzlei-bernstorff.de\/uber-uns\/markus-jahn\/#breadcrumb","itemListElement":[{"@type":"ListItem","position":1,"name":"Home","item":"https:\/\/kanzlei-bernstorff.de\/"},{"@type":"ListItem","position":2,"name":"Anw\u00e4lte","item":"https:\/\/kanzlei-bernstorff.de\/uber-uns\/"},{"@type":"ListItem","position":3,"name":"Markus Jahn"}]},{"@type":"WebSite","@id":"https:\/\/kanzlei-bernstorff.de\/#website","url":"https:\/\/kanzlei-bernstorff.de\/","name":"Bernstorff - Rechtsanw\u00e4lte Partnerschaftsgesellschaft mbB","description":"Rechtsanw\u00e4lte Partnerschaftsgesellschaft mbB","publisher":{"@id":"https:\/\/kanzlei-bernstorff.de\/#organization"},"potentialAction":[{"@type":"SearchAction","target":{"@type":"EntryPoint","urlTemplate":"https:\/\/kanzlei-bernstorff.de\/?s={search_term_string}"},"query-input":{"@type":"PropertyValueSpecification","valueRequired":true,"valueName":"search_term_string"}}],"inLanguage":"en-US"},{"@type":"Organization","@id":"https:\/\/kanzlei-bernstorff.de\/#organization","name":"Bernstorff - Rechtsanw\u00e4lte Partnerschaftsgesellschaft mbB","url":"https:\/\/kanzlei-bernstorff.de\/","logo":{"@type":"ImageObject","inLanguage":"en-US","@id":"https:\/\/kanzlei-bernstorff.de\/#\/schema\/logo\/image\/","url":"https:\/\/kanzlei-bernstorff.de\/wp-content\/uploads\/2025\/12\/kanzlei-bernstorff-group-x.png","contentUrl":"https:\/\/kanzlei-bernstorff.de\/wp-content\/uploads\/2025\/12\/kanzlei-bernstorff-group-x.png","width":1360,"height":680,"caption":"Bernstorff - Rechtsanw\u00e4lte Partnerschaftsgesellschaft mbB"},"image":{"@id":"https:\/\/kanzlei-bernstorff.de\/#\/schema\/logo\/image\/"}}]}},"_links":{"self":[{"href":"https:\/\/kanzlei-bernstorff.de\/en\/wp-json\/wp\/v2\/pages\/46","targetHints":{"allow":["GET"]}}],"collection":[{"href":"https:\/\/kanzlei-bernstorff.de\/en\/wp-json\/wp\/v2\/pages"}],"about":[{"href":"https:\/\/kanzlei-bernstorff.de\/en\/wp-json\/wp\/v2\/types\/page"}],"author":[{"embeddable":true,"href":"https:\/\/kanzlei-bernstorff.de\/en\/wp-json\/wp\/v2\/users\/1"}],"replies":[{"embeddable":true,"href":"https:\/\/kanzlei-bernstorff.de\/en\/wp-json\/wp\/v2\/comments?post=46"}],"version-history":[{"count":11,"href":"https:\/\/kanzlei-bernstorff.de\/en\/wp-json\/wp\/v2\/pages\/46\/revisions"}],"predecessor-version":[{"id":2271,"href":"https:\/\/kanzlei-bernstorff.de\/en\/wp-json\/wp\/v2\/pages\/46\/revisions\/2271"}],"up":[{"embeddable":true,"href":"https:\/\/kanzlei-bernstorff.de\/en\/wp-json\/wp\/v2\/pages\/17"}],"wp:attachment":[{"href":"https:\/\/kanzlei-bernstorff.de\/en\/wp-json\/wp\/v2\/media?parent=46"}],"curies":[{"name":"wp","href":"https:\/\/api.w.org\/{rel}","templated":true}]}}