{"id":48,"date":"2014-12-08T19:01:14","date_gmt":"2014-12-08T17:01:14","guid":{"rendered":"https:\/\/kanzlei-bernstorff.de\/?page_id=48"},"modified":"2026-01-12T13:13:17","modified_gmt":"2026-01-12T12:13:17","slug":"sven-blumner-rechtsanwalt-fuer-miet-und-immobilienrecht-bernstorff-berlin","status":"publish","type":"page","link":"https:\/\/kanzlei-bernstorff.de\/en\/uber-uns\/sven-blumner-rechtsanwalt-fuer-miet-und-immobilienrecht-bernstorff-berlin\/","title":{"rendered":"Sven Bl\u00fcmner"},"content":{"rendered":"<div class=\"wpb-content-wrapper\"><div class=\"vc_section wpex-relative\"><div class=\"vc_row wpb_row vc_row-fluid wpex-relative\"><div class=\"wpb_column vc_column_container vc_col-sm-12\"><div class=\"vc_column-inner\"><div class=\"wpb_wrapper\"><figure class=\"vcex-image vcex-module\"><div class=\"vcex-image-inner wpex-relative wpex-w-100 vc_custom_1764691049590\"><img width=\"2560\" height=\"1707\" src=\"https:\/\/kanzlei-bernstorff.de\/wp-content\/uploads\/2025\/12\/SvenBluemner-scaled.jpg\" class=\"vcex-image-img wpex-align-middle wpex-w-100\" alt=\"\" loading=\"lazy\" decoding=\"async\" srcset=\"https:\/\/kanzlei-bernstorff.de\/wp-content\/uploads\/2025\/12\/SvenBluemner-scaled.jpg 2560w, https:\/\/kanzlei-bernstorff.de\/wp-content\/uploads\/2025\/12\/SvenBluemner-300x200.jpg 300w, https:\/\/kanzlei-bernstorff.de\/wp-content\/uploads\/2025\/12\/SvenBluemner-1024x683.jpg 1024w, https:\/\/kanzlei-bernstorff.de\/wp-content\/uploads\/2025\/12\/SvenBluemner-768x512.jpg 768w, https:\/\/kanzlei-bernstorff.de\/wp-content\/uploads\/2025\/12\/SvenBluemner-1536x1024.jpg 1536w, https:\/\/kanzlei-bernstorff.de\/wp-content\/uploads\/2025\/12\/SvenBluemner-2048x1365.jpg 2048w, https:\/\/kanzlei-bernstorff.de\/wp-content\/uploads\/2025\/12\/SvenBluemner-18x12.jpg 18w\" sizes=\"auto, (max-width: 2560px) 100vw, 2560px\" \/><\/div><\/figure><h4 style=\"font-size: 14px;color: #495D7E;line-height: 30px;text-align: left;font-family:Open Sans;font-weight:700;font-style:normal\" class=\"vc_custom_heading vc_do_custom_heading vc_custom_1764698172975\" >Sven Bl\u00fcmner<\/h4>\n\t<div class=\"wpb_text_column wpb_content_element\" >\n\t\t<div class=\"wpb_wrapper\">\n\t\t\t<p>Lawyer and Certified Lawyer in Tenancy and Residential Property Law<br \/>\n\u2013 Partner \u2013<\/p>\n\n\t\t<\/div>\n\t<\/div>\n<h4 style=\"font-size: 14px;color: #495D7E;line-height: 30px;text-align: left;font-family:Open Sans;font-weight:700;font-style:normal\" class=\"vc_custom_heading vc_do_custom_heading headingWithLineOnRight\" >R\u00e9sum\u00e9<\/h4><div class=\"vcex-module vcex-bullets vcex-bullets--vertical vcex-bullets-ni listWithBlueBox\">\n<ul role=\"list\">\n<li>Born 1975 in Berlin<\/li>\n<li>Studied law at the University of Potsdam<\/li>\n<li>Practising lawyer since 2005<\/li>\n<li>Admitted to the bar in 2005<\/li>\n<li>Legal specialisation in Construction and Architect Law<\/li>\n<li>Admitted as Certified Lawyer specialised in Tenancy and Residential Property Law in 2010<\/li>\n<\/ul>\n<\/div><h4 style=\"font-size: 14px;color: #495D7E;line-height: 30px;text-align: left;font-family:Open Sans;font-weight:700;font-style:normal\" class=\"vc_custom_heading vc_do_custom_heading headingWithLineOnRight\" >Interests And Main Areas Of Work<\/h4><div class=\"vcex-module vcex-bullets vcex-bullets--vertical vcex-bullets-ni listWithBlueBox\">\n<ul role=\"list\">\n<li>Commercial Rental Law<\/li>\n<li>Tenancy Law<\/li>\n<li>Residential Property Law<\/li>\n<li>Construction Law<\/li>\n<\/ul>\n<\/div><h4 style=\"font-size: 14px;color: #495D7E;line-height: 30px;text-align: left;font-family:Open Sans;font-weight:700;font-style:normal\" class=\"vc_custom_heading vc_do_custom_heading headingWithLineOnRight\" >Languages<\/h4>\n\t<div class=\"wpb_text_column wpb_content_element\" >\n\t\t<div class=\"wpb_wrapper\">\n\t\t\t<p>German, English<\/p>\n\n\t\t<\/div>\n\t<\/div>\n<div class=\"vcex-spacing wpex-w-100 wpex-clear\" style=\"height:30px;\"><\/div>\n\t<div class=\"wpb_text_column wpb_content_element dFlex justifyContentBetween\" >\n\t\t<div class=\"wpb_wrapper\">\n\t\t\t<p><a href=\"\/en\/markus-jahn\/\">Back<\/a><a href=\"\/en\/elard-von-oldenburg\/\">Next<\/a><\/p>\n\n\t\t<\/div>\n\t<\/div>\n<\/div><\/div><\/div><\/div><\/div>\n<\/div>","protected":false},"excerpt":{"rendered":"Sven Bl\u00fcmner Rechtsanwalt und Fachanwalt f\u00fcr Miet- und WEG-Recht \u2013 Partner \u2013 R\u00e9sum\u00e9 geb. 1975 in Berlin Studium der Rechtswissenschaften an der Universit\u00e4t Potsdam Referendariat am OLG Brandenburg an der Havel 2005 Zulassung als Rechtsanwalt Fachanwaltskurs Bau- und Architektenrecht 2010 Zulassung als Fachanwalt f\u00fcr Miet- und Wohnungseigentumsrecht Interessen- und T\u00e4tigkeitsschwerpunkte Gewerbliches Mietrecht Wohnraummietrecht Wohnungseigentumsrecht Baurecht&hellip;","protected":false},"author":1,"featured_media":0,"parent":17,"menu_order":0,"comment_status":"open","ping_status":"closed","template":"templates\/no-sidebar.php","meta":{"footnotes":""},"class_list":["post-48","page","type-page","status-publish","hentry","entry","no-media"],"yoast_head":"<!-- This site is optimized with the Yoast SEO plugin v27.4 - https:\/\/yoast.com\/product\/yoast-seo-wordpress\/ -->\n<title>Kanzlei - Bernstorff | Rechtsanwalt - Sven Blumner<\/title>\n<meta name=\"description\" content=\"Sven Blumner ist Rechtsanwalt bei Bernstorff Rechtsanw\u00e4lte in Berlin mit Schwerpunkten im gewerblichen Mietrecht, Wohnraummietrecht, Wohnungseigentumsrecht und Baurecht.\" \/>\n<meta name=\"robots\" content=\"index, follow, max-snippet:-1, max-image-preview:large, max-video-preview:-1\" \/>\n<link rel=\"canonical\" href=\"https:\/\/kanzlei-bernstorff.de\/en\/uber-uns\/sven-blumner-rechtsanwalt-fuer-miet-und-immobilienrecht-bernstorff-berlin\/\" \/>\n<meta property=\"og:locale\" content=\"en_US\" \/>\n<meta property=\"og:type\" content=\"article\" \/>\n<meta property=\"og:title\" content=\"Kanzlei - Bernstorff | Rechtsanwalt - Sven Blumner\" \/>\n<meta property=\"og:description\" content=\"Sven Blumner ist Rechtsanwalt bei Bernstorff Rechtsanw\u00e4lte in Berlin mit Schwerpunkten im gewerblichen Mietrecht, Wohnraummietrecht, Wohnungseigentumsrecht und Baurecht.\" \/>\n<meta property=\"og:url\" content=\"https:\/\/kanzlei-bernstorff.de\/en\/uber-uns\/sven-blumner-rechtsanwalt-fuer-miet-und-immobilienrecht-bernstorff-berlin\/\" \/>\n<meta property=\"og:site_name\" content=\"Bernstorff - Rechtsanw\u00e4lte Partnerschaftsgesellschaft mbB\" \/>\n<meta property=\"article:modified_time\" content=\"2026-01-12T12:13:17+00:00\" \/>\n<meta name=\"twitter:card\" content=\"summary_large_image\" \/>\n<meta name=\"twitter:label1\" content=\"Est. reading time\" \/>\n\t<meta name=\"twitter:data1\" content=\"1 minute\" \/>\n<script type=\"application\/ld+json\" class=\"yoast-schema-graph\">{\"@context\":\"https:\\\/\\\/schema.org\",\"@graph\":[{\"@type\":\"WebPage\",\"@id\":\"https:\\\/\\\/kanzlei-bernstorff.de\\\/uber-uns\\\/sven-blumner-rechtsanwalt-fuer-miet-und-immobilienrecht-bernstorff-berlin\\\/\",\"url\":\"https:\\\/\\\/kanzlei-bernstorff.de\\\/uber-uns\\\/sven-blumner-rechtsanwalt-fuer-miet-und-immobilienrecht-bernstorff-berlin\\\/\",\"name\":\"Kanzlei - Bernstorff | Rechtsanwalt - Sven Blumner\",\"isPartOf\":{\"@id\":\"https:\\\/\\\/kanzlei-bernstorff.de\\\/#website\"},\"datePublished\":\"2014-12-08T17:01:14+00:00\",\"dateModified\":\"2026-01-12T12:13:17+00:00\",\"description\":\"Sven Blumner ist Rechtsanwalt bei Bernstorff Rechtsanw\u00e4lte in Berlin mit Schwerpunkten im gewerblichen Mietrecht, Wohnraummietrecht, Wohnungseigentumsrecht und Baurecht.\",\"breadcrumb\":{\"@id\":\"https:\\\/\\\/kanzlei-bernstorff.de\\\/uber-uns\\\/sven-blumner-rechtsanwalt-fuer-miet-und-immobilienrecht-bernstorff-berlin\\\/#breadcrumb\"},\"inLanguage\":\"en-US\",\"potentialAction\":[{\"@type\":\"ReadAction\",\"target\":[\"https:\\\/\\\/kanzlei-bernstorff.de\\\/uber-uns\\\/sven-blumner-rechtsanwalt-fuer-miet-und-immobilienrecht-bernstorff-berlin\\\/\"]}]},{\"@type\":\"BreadcrumbList\",\"@id\":\"https:\\\/\\\/kanzlei-bernstorff.de\\\/uber-uns\\\/sven-blumner-rechtsanwalt-fuer-miet-und-immobilienrecht-bernstorff-berlin\\\/#breadcrumb\",\"itemListElement\":[{\"@type\":\"ListItem\",\"position\":1,\"name\":\"Home\",\"item\":\"https:\\\/\\\/kanzlei-bernstorff.de\\\/\"},{\"@type\":\"ListItem\",\"position\":2,\"name\":\"Anw\u00e4lte\",\"item\":\"https:\\\/\\\/kanzlei-bernstorff.de\\\/uber-uns\\\/\"},{\"@type\":\"ListItem\",\"position\":3,\"name\":\"Sven Bl\u00fcmner\"}]},{\"@type\":\"WebSite\",\"@id\":\"https:\\\/\\\/kanzlei-bernstorff.de\\\/#website\",\"url\":\"https:\\\/\\\/kanzlei-bernstorff.de\\\/\",\"name\":\"Bernstorff - Rechtsanw\u00e4lte Partnerschaftsgesellschaft mbB\",\"description\":\"Rechtsanw\u00e4lte Partnerschaftsgesellschaft mbB\",\"publisher\":{\"@id\":\"https:\\\/\\\/kanzlei-bernstorff.de\\\/#organization\"},\"potentialAction\":[{\"@type\":\"SearchAction\",\"target\":{\"@type\":\"EntryPoint\",\"urlTemplate\":\"https:\\\/\\\/kanzlei-bernstorff.de\\\/?s={search_term_string}\"},\"query-input\":{\"@type\":\"PropertyValueSpecification\",\"valueRequired\":true,\"valueName\":\"search_term_string\"}}],\"inLanguage\":\"en-US\"},{\"@type\":\"Organization\",\"@id\":\"https:\\\/\\\/kanzlei-bernstorff.de\\\/#organization\",\"name\":\"Bernstorff - Rechtsanw\u00e4lte Partnerschaftsgesellschaft mbB\",\"url\":\"https:\\\/\\\/kanzlei-bernstorff.de\\\/\",\"logo\":{\"@type\":\"ImageObject\",\"inLanguage\":\"en-US\",\"@id\":\"https:\\\/\\\/kanzlei-bernstorff.de\\\/#\\\/schema\\\/logo\\\/image\\\/\",\"url\":\"https:\\\/\\\/kanzlei-bernstorff.de\\\/wp-content\\\/uploads\\\/2025\\\/12\\\/kanzlei-bernstorff-group-x.png\",\"contentUrl\":\"https:\\\/\\\/kanzlei-bernstorff.de\\\/wp-content\\\/uploads\\\/2025\\\/12\\\/kanzlei-bernstorff-group-x.png\",\"width\":1360,\"height\":680,\"caption\":\"Bernstorff - Rechtsanw\u00e4lte Partnerschaftsgesellschaft mbB\"},\"image\":{\"@id\":\"https:\\\/\\\/kanzlei-bernstorff.de\\\/#\\\/schema\\\/logo\\\/image\\\/\"}}]}<\/script>\n<!-- \/ Yoast SEO plugin. -->","yoast_head_json":{"title":"Kanzlei - Bernstorff | Rechtsanwalt - Sven Blumner","description":"Sven Blumner ist Rechtsanwalt bei Bernstorff Rechtsanw\u00e4lte in Berlin mit Schwerpunkten im gewerblichen Mietrecht, Wohnraummietrecht, Wohnungseigentumsrecht und Baurecht.","robots":{"index":"index","follow":"follow","max-snippet":"max-snippet:-1","max-image-preview":"max-image-preview:large","max-video-preview":"max-video-preview:-1"},"canonical":"https:\/\/kanzlei-bernstorff.de\/en\/uber-uns\/sven-blumner-rechtsanwalt-fuer-miet-und-immobilienrecht-bernstorff-berlin\/","og_locale":"en_US","og_type":"article","og_title":"Kanzlei - Bernstorff | Rechtsanwalt - Sven Blumner","og_description":"Sven Blumner ist Rechtsanwalt bei Bernstorff Rechtsanw\u00e4lte in Berlin mit Schwerpunkten im gewerblichen Mietrecht, Wohnraummietrecht, Wohnungseigentumsrecht und Baurecht.","og_url":"https:\/\/kanzlei-bernstorff.de\/en\/uber-uns\/sven-blumner-rechtsanwalt-fuer-miet-und-immobilienrecht-bernstorff-berlin\/","og_site_name":"Bernstorff - Rechtsanw\u00e4lte Partnerschaftsgesellschaft mbB","article_modified_time":"2026-01-12T12:13:17+00:00","twitter_card":"summary_large_image","twitter_misc":{"Est. reading time":"1 minute"},"schema":{"@context":"https:\/\/schema.org","@graph":[{"@type":"WebPage","@id":"https:\/\/kanzlei-bernstorff.de\/uber-uns\/sven-blumner-rechtsanwalt-fuer-miet-und-immobilienrecht-bernstorff-berlin\/","url":"https:\/\/kanzlei-bernstorff.de\/uber-uns\/sven-blumner-rechtsanwalt-fuer-miet-und-immobilienrecht-bernstorff-berlin\/","name":"Kanzlei - Bernstorff | Rechtsanwalt - Sven Blumner","isPartOf":{"@id":"https:\/\/kanzlei-bernstorff.de\/#website"},"datePublished":"2014-12-08T17:01:14+00:00","dateModified":"2026-01-12T12:13:17+00:00","description":"Sven Blumner ist Rechtsanwalt bei Bernstorff Rechtsanw\u00e4lte in Berlin mit Schwerpunkten im gewerblichen Mietrecht, Wohnraummietrecht, Wohnungseigentumsrecht und Baurecht.","breadcrumb":{"@id":"https:\/\/kanzlei-bernstorff.de\/uber-uns\/sven-blumner-rechtsanwalt-fuer-miet-und-immobilienrecht-bernstorff-berlin\/#breadcrumb"},"inLanguage":"en-US","potentialAction":[{"@type":"ReadAction","target":["https:\/\/kanzlei-bernstorff.de\/uber-uns\/sven-blumner-rechtsanwalt-fuer-miet-und-immobilienrecht-bernstorff-berlin\/"]}]},{"@type":"BreadcrumbList","@id":"https:\/\/kanzlei-bernstorff.de\/uber-uns\/sven-blumner-rechtsanwalt-fuer-miet-und-immobilienrecht-bernstorff-berlin\/#breadcrumb","itemListElement":[{"@type":"ListItem","position":1,"name":"Home","item":"https:\/\/kanzlei-bernstorff.de\/"},{"@type":"ListItem","position":2,"name":"Anw\u00e4lte","item":"https:\/\/kanzlei-bernstorff.de\/uber-uns\/"},{"@type":"ListItem","position":3,"name":"Sven Bl\u00fcmner"}]},{"@type":"WebSite","@id":"https:\/\/kanzlei-bernstorff.de\/#website","url":"https:\/\/kanzlei-bernstorff.de\/","name":"Bernstorff - Rechtsanw\u00e4lte Partnerschaftsgesellschaft mbB","description":"Rechtsanw\u00e4lte Partnerschaftsgesellschaft mbB","publisher":{"@id":"https:\/\/kanzlei-bernstorff.de\/#organization"},"potentialAction":[{"@type":"SearchAction","target":{"@type":"EntryPoint","urlTemplate":"https:\/\/kanzlei-bernstorff.de\/?s={search_term_string}"},"query-input":{"@type":"PropertyValueSpecification","valueRequired":true,"valueName":"search_term_string"}}],"inLanguage":"en-US"},{"@type":"Organization","@id":"https:\/\/kanzlei-bernstorff.de\/#organization","name":"Bernstorff - Rechtsanw\u00e4lte Partnerschaftsgesellschaft mbB","url":"https:\/\/kanzlei-bernstorff.de\/","logo":{"@type":"ImageObject","inLanguage":"en-US","@id":"https:\/\/kanzlei-bernstorff.de\/#\/schema\/logo\/image\/","url":"https:\/\/kanzlei-bernstorff.de\/wp-content\/uploads\/2025\/12\/kanzlei-bernstorff-group-x.png","contentUrl":"https:\/\/kanzlei-bernstorff.de\/wp-content\/uploads\/2025\/12\/kanzlei-bernstorff-group-x.png","width":1360,"height":680,"caption":"Bernstorff - Rechtsanw\u00e4lte Partnerschaftsgesellschaft mbB"},"image":{"@id":"https:\/\/kanzlei-bernstorff.de\/#\/schema\/logo\/image\/"}}]}},"_links":{"self":[{"href":"https:\/\/kanzlei-bernstorff.de\/en\/wp-json\/wp\/v2\/pages\/48","targetHints":{"allow":["GET"]}}],"collection":[{"href":"https:\/\/kanzlei-bernstorff.de\/en\/wp-json\/wp\/v2\/pages"}],"about":[{"href":"https:\/\/kanzlei-bernstorff.de\/en\/wp-json\/wp\/v2\/types\/page"}],"author":[{"embeddable":true,"href":"https:\/\/kanzlei-bernstorff.de\/en\/wp-json\/wp\/v2\/users\/1"}],"replies":[{"embeddable":true,"href":"https:\/\/kanzlei-bernstorff.de\/en\/wp-json\/wp\/v2\/comments?post=48"}],"version-history":[{"count":9,"href":"https:\/\/kanzlei-bernstorff.de\/en\/wp-json\/wp\/v2\/pages\/48\/revisions"}],"predecessor-version":[{"id":2272,"href":"https:\/\/kanzlei-bernstorff.de\/en\/wp-json\/wp\/v2\/pages\/48\/revisions\/2272"}],"up":[{"embeddable":true,"href":"https:\/\/kanzlei-bernstorff.de\/en\/wp-json\/wp\/v2\/pages\/17"}],"wp:attachment":[{"href":"https:\/\/kanzlei-bernstorff.de\/en\/wp-json\/wp\/v2\/media?parent=48"}],"curies":[{"name":"wp","href":"https:\/\/api.w.org\/{rel}","templated":true}]}}