{"id":51,"date":"2014-12-08T19:05:50","date_gmt":"2014-12-08T17:05:50","guid":{"rendered":"https:\/\/kanzlei-bernstorff.de\/?page_id=51"},"modified":"2026-01-12T13:15:46","modified_gmt":"2026-01-12T12:15:46","slug":"elard-von-oldenburg","status":"publish","type":"page","link":"https:\/\/kanzlei-bernstorff.de\/en\/uber-uns\/elard-von-oldenburg\/","title":{"rendered":"Elard von Oldenburg"},"content":{"rendered":"<div class=\"wpb-content-wrapper\"><div class=\"vc_section wpex-relative\"><div class=\"vc_row wpb_row vc_row-fluid wpex-relative\"><div class=\"wpb_column vc_column_container vc_col-sm-12\"><div class=\"vc_column-inner\"><div class=\"wpb_wrapper\"><figure class=\"vcex-image vcex-module\"><div class=\"vcex-image-inner wpex-relative wpex-w-100 vc_custom_1764691096524\"><img width=\"2560\" height=\"1707\" src=\"https:\/\/kanzlei-bernstorff.de\/wp-content\/uploads\/2025\/12\/ElardvonOldenburg-scaled.jpg\" class=\"vcex-image-img wpex-align-middle wpex-w-100\" alt=\"\" loading=\"lazy\" decoding=\"async\" srcset=\"https:\/\/kanzlei-bernstorff.de\/wp-content\/uploads\/2025\/12\/ElardvonOldenburg-scaled.jpg 2560w, https:\/\/kanzlei-bernstorff.de\/wp-content\/uploads\/2025\/12\/ElardvonOldenburg-300x200.jpg 300w, https:\/\/kanzlei-bernstorff.de\/wp-content\/uploads\/2025\/12\/ElardvonOldenburg-1024x683.jpg 1024w, https:\/\/kanzlei-bernstorff.de\/wp-content\/uploads\/2025\/12\/ElardvonOldenburg-768x512.jpg 768w, https:\/\/kanzlei-bernstorff.de\/wp-content\/uploads\/2025\/12\/ElardvonOldenburg-1536x1024.jpg 1536w, https:\/\/kanzlei-bernstorff.de\/wp-content\/uploads\/2025\/12\/ElardvonOldenburg-2048x1365.jpg 2048w, https:\/\/kanzlei-bernstorff.de\/wp-content\/uploads\/2025\/12\/ElardvonOldenburg-18x12.jpg 18w\" sizes=\"auto, (max-width: 2560px) 100vw, 2560px\" \/><\/div><\/figure><h4 style=\"font-size: 14px;color: #495D7E;line-height: 30px;text-align: left;font-family:Open Sans;font-weight:700;font-style:normal\" class=\"vc_custom_heading vc_do_custom_heading vc_custom_1764698129105\" >Elard von Oldenburg<\/h4>\n\t<div class=\"wpb_text_column wpb_content_element\" >\n\t\t<div class=\"wpb_wrapper\">\n\t\t\t<p>Lawyer<br \/>\n\u2013 Partner \u2013<\/p>\n\n\t\t<\/div>\n\t<\/div>\n<h4 style=\"font-size: 14px;color: #495D7E;line-height: 30px;text-align: left;font-family:Open Sans;font-weight:700;font-style:normal\" class=\"vc_custom_heading vc_do_custom_heading headingWithLineOnRight\" >R\u00e9sum\u00e9<\/h4><div class=\"vcex-module vcex-bullets vcex-bullets--vertical vcex-bullets-ni listWithBlueBox\">\n<ul role=\"list\">\n<li>Born 1977 in Braunschweig<\/li>\n<li>Studied law at the Universities of Heidelberg and Kiel<\/li>\n<li>Legal training at the OLG (Higher Regional Court) in Frankfurt on the Main<\/li>\n<li>Practising lawyer since 2009<\/li>\n<\/ul>\n<\/div><h4 style=\"font-size: 14px;color: #495D7E;line-height: 30px;text-align: left;font-family:Open Sans;font-weight:700;font-style:normal\" class=\"vc_custom_heading vc_do_custom_heading headingWithLineOnRight\" >Interests And Main Areas Of Work<\/h4><div class=\"vcex-module vcex-bullets vcex-bullets--vertical vcex-bullets-ni listWithBlueBox\">\n<ul role=\"list\">\n<li>Corporate Law<\/li>\n<li>Tax Law<\/li>\n<li>Law of inheritance<\/li>\n<li>Commercial Law<\/li>\n<\/ul>\n<\/div><h4 style=\"font-size: 14px;color: #495D7E;line-height: 30px;text-align: left;font-family:Open Sans;font-weight:700;font-style:normal\" class=\"vc_custom_heading vc_do_custom_heading headingWithLineOnRight\" >Languages<\/h4>\n\t<div class=\"wpb_text_column wpb_content_element\" >\n\t\t<div class=\"wpb_wrapper\">\n\t\t\t<p>German, English<\/p>\n\n\t\t<\/div>\n\t<\/div>\n<div class=\"vcex-spacing wpex-w-100 wpex-clear\" style=\"height:30px;\"><\/div>\n\t<div class=\"wpb_text_column wpb_content_element dFlex justifyContentBetween\" >\n\t\t<div class=\"wpb_wrapper\">\n\t\t\t<p><a href=\"\/en\/sven-blumner\/\">Back<\/a><a href=\"\/en\/niklas-graf-von-bernstorff\/\">Next<\/a><\/p>\n\n\t\t<\/div>\n\t<\/div>\n<\/div><\/div><\/div><\/div><\/div>\n<\/div>","protected":false},"excerpt":{"rendered":"Elard von Oldenburg Rechtsanwalt \u2013 Partner \u2013 R\u00e9sum\u00e9 geb. 1977 in Braunschweig Studium der Rechtswissenschaften an den Universit\u00e4ten Heidelberg und Kiel Referendariat am OLG Frankfurt am Main 2009 Zulassung als Rechtsanwalt Interessen- und T\u00e4tigkeitsschwerpunkte Gesellschaftsrecht Steuerrecht Erbrecht Allgemeines Wirtschaftsrecht Sprachen Deutsch, Englisch Zur\u00fcckWeiter","protected":false},"author":1,"featured_media":1963,"parent":17,"menu_order":0,"comment_status":"open","ping_status":"closed","template":"templates\/no-sidebar.php","meta":{"footnotes":""},"class_list":["post-51","page","type-page","status-publish","has-post-thumbnail","hentry","entry","has-media"],"yoast_head":"<!-- This site is optimized with the Yoast SEO plugin v27.4 - https:\/\/yoast.com\/product\/yoast-seo-wordpress\/ -->\n<title>Kanzlei - Bernstorff | Rechtsanwalt - Elard von Oldenburg<\/title>\n<meta name=\"description\" content=\"Elard von Oldenburg, Rechtsanwalt bei Bernstorff in Berlin \u2013 Beratung im Gesellschaftsrecht, Steuerrecht, Erbrecht und allgemeinen Wirtschaftsrecht.\" \/>\n<meta name=\"robots\" content=\"index, follow, max-snippet:-1, max-image-preview:large, max-video-preview:-1\" \/>\n<link rel=\"canonical\" href=\"https:\/\/kanzlei-bernstorff.de\/en\/uber-uns\/elard-von-oldenburg\/\" \/>\n<meta property=\"og:locale\" content=\"en_US\" \/>\n<meta property=\"og:type\" content=\"article\" \/>\n<meta property=\"og:title\" content=\"Kanzlei - Bernstorff | Rechtsanwalt - Elard von Oldenburg\" \/>\n<meta property=\"og:description\" content=\"Elard von Oldenburg, Rechtsanwalt bei Bernstorff in Berlin \u2013 Beratung im Gesellschaftsrecht, Steuerrecht, Erbrecht und allgemeinen Wirtschaftsrecht.\" \/>\n<meta property=\"og:url\" content=\"https:\/\/kanzlei-bernstorff.de\/en\/uber-uns\/elard-von-oldenburg\/\" \/>\n<meta property=\"og:site_name\" content=\"Bernstorff - Rechtsanw\u00e4lte Partnerschaftsgesellschaft mbB\" \/>\n<meta property=\"article:modified_time\" content=\"2026-01-12T12:15:46+00:00\" \/>\n<meta property=\"og:image\" content=\"https:\/\/kanzlei-bernstorff.de\/wp-content\/uploads\/2025\/12\/ElardvonOldenburg-scaled.jpg\" \/>\n\t<meta property=\"og:image:width\" content=\"2560\" \/>\n\t<meta property=\"og:image:height\" content=\"1707\" \/>\n\t<meta property=\"og:image:type\" content=\"image\/jpeg\" \/>\n<meta name=\"twitter:card\" content=\"summary_large_image\" \/>\n<meta name=\"twitter:label1\" content=\"Est. reading time\" \/>\n\t<meta name=\"twitter:data1\" content=\"1 minute\" \/>\n<script type=\"application\/ld+json\" class=\"yoast-schema-graph\">{\"@context\":\"https:\\\/\\\/schema.org\",\"@graph\":[{\"@type\":\"WebPage\",\"@id\":\"https:\\\/\\\/kanzlei-bernstorff.de\\\/uber-uns\\\/elard-von-oldenburg\\\/\",\"url\":\"https:\\\/\\\/kanzlei-bernstorff.de\\\/uber-uns\\\/elard-von-oldenburg\\\/\",\"name\":\"Kanzlei - Bernstorff | Rechtsanwalt - Elard von Oldenburg\",\"isPartOf\":{\"@id\":\"https:\\\/\\\/kanzlei-bernstorff.de\\\/#website\"},\"primaryImageOfPage\":{\"@id\":\"https:\\\/\\\/kanzlei-bernstorff.de\\\/uber-uns\\\/elard-von-oldenburg\\\/#primaryimage\"},\"image\":{\"@id\":\"https:\\\/\\\/kanzlei-bernstorff.de\\\/uber-uns\\\/elard-von-oldenburg\\\/#primaryimage\"},\"thumbnailUrl\":\"https:\\\/\\\/kanzlei-bernstorff.de\\\/wp-content\\\/uploads\\\/2025\\\/12\\\/ElardvonOldenburg-scaled.jpg\",\"datePublished\":\"2014-12-08T17:05:50+00:00\",\"dateModified\":\"2026-01-12T12:15:46+00:00\",\"description\":\"Elard von Oldenburg, Rechtsanwalt bei Bernstorff in Berlin \u2013 Beratung im Gesellschaftsrecht, Steuerrecht, Erbrecht und allgemeinen Wirtschaftsrecht.\",\"breadcrumb\":{\"@id\":\"https:\\\/\\\/kanzlei-bernstorff.de\\\/uber-uns\\\/elard-von-oldenburg\\\/#breadcrumb\"},\"inLanguage\":\"en-US\",\"potentialAction\":[{\"@type\":\"ReadAction\",\"target\":[\"https:\\\/\\\/kanzlei-bernstorff.de\\\/uber-uns\\\/elard-von-oldenburg\\\/\"]}]},{\"@type\":\"ImageObject\",\"inLanguage\":\"en-US\",\"@id\":\"https:\\\/\\\/kanzlei-bernstorff.de\\\/uber-uns\\\/elard-von-oldenburg\\\/#primaryimage\",\"url\":\"https:\\\/\\\/kanzlei-bernstorff.de\\\/wp-content\\\/uploads\\\/2025\\\/12\\\/ElardvonOldenburg-scaled.jpg\",\"contentUrl\":\"https:\\\/\\\/kanzlei-bernstorff.de\\\/wp-content\\\/uploads\\\/2025\\\/12\\\/ElardvonOldenburg-scaled.jpg\",\"width\":2560,\"height\":1707},{\"@type\":\"BreadcrumbList\",\"@id\":\"https:\\\/\\\/kanzlei-bernstorff.de\\\/uber-uns\\\/elard-von-oldenburg\\\/#breadcrumb\",\"itemListElement\":[{\"@type\":\"ListItem\",\"position\":1,\"name\":\"Home\",\"item\":\"https:\\\/\\\/kanzlei-bernstorff.de\\\/\"},{\"@type\":\"ListItem\",\"position\":2,\"name\":\"Anw\u00e4lte\",\"item\":\"https:\\\/\\\/kanzlei-bernstorff.de\\\/uber-uns\\\/\"},{\"@type\":\"ListItem\",\"position\":3,\"name\":\"Elard von Oldenburg\"}]},{\"@type\":\"WebSite\",\"@id\":\"https:\\\/\\\/kanzlei-bernstorff.de\\\/#website\",\"url\":\"https:\\\/\\\/kanzlei-bernstorff.de\\\/\",\"name\":\"Bernstorff - Rechtsanw\u00e4lte Partnerschaftsgesellschaft mbB\",\"description\":\"Rechtsanw\u00e4lte Partnerschaftsgesellschaft mbB\",\"publisher\":{\"@id\":\"https:\\\/\\\/kanzlei-bernstorff.de\\\/#organization\"},\"potentialAction\":[{\"@type\":\"SearchAction\",\"target\":{\"@type\":\"EntryPoint\",\"urlTemplate\":\"https:\\\/\\\/kanzlei-bernstorff.de\\\/?s={search_term_string}\"},\"query-input\":{\"@type\":\"PropertyValueSpecification\",\"valueRequired\":true,\"valueName\":\"search_term_string\"}}],\"inLanguage\":\"en-US\"},{\"@type\":\"Organization\",\"@id\":\"https:\\\/\\\/kanzlei-bernstorff.de\\\/#organization\",\"name\":\"Bernstorff - Rechtsanw\u00e4lte Partnerschaftsgesellschaft mbB\",\"url\":\"https:\\\/\\\/kanzlei-bernstorff.de\\\/\",\"logo\":{\"@type\":\"ImageObject\",\"inLanguage\":\"en-US\",\"@id\":\"https:\\\/\\\/kanzlei-bernstorff.de\\\/#\\\/schema\\\/logo\\\/image\\\/\",\"url\":\"https:\\\/\\\/kanzlei-bernstorff.de\\\/wp-content\\\/uploads\\\/2025\\\/12\\\/kanzlei-bernstorff-group-x.png\",\"contentUrl\":\"https:\\\/\\\/kanzlei-bernstorff.de\\\/wp-content\\\/uploads\\\/2025\\\/12\\\/kanzlei-bernstorff-group-x.png\",\"width\":1360,\"height\":680,\"caption\":\"Bernstorff - Rechtsanw\u00e4lte Partnerschaftsgesellschaft mbB\"},\"image\":{\"@id\":\"https:\\\/\\\/kanzlei-bernstorff.de\\\/#\\\/schema\\\/logo\\\/image\\\/\"}}]}<\/script>\n<!-- \/ Yoast SEO plugin. -->","yoast_head_json":{"title":"Kanzlei - Bernstorff | Rechtsanwalt - Elard von Oldenburg","description":"Elard von Oldenburg, Rechtsanwalt bei Bernstorff in Berlin \u2013 Beratung im Gesellschaftsrecht, Steuerrecht, Erbrecht und allgemeinen Wirtschaftsrecht.","robots":{"index":"index","follow":"follow","max-snippet":"max-snippet:-1","max-image-preview":"max-image-preview:large","max-video-preview":"max-video-preview:-1"},"canonical":"https:\/\/kanzlei-bernstorff.de\/en\/uber-uns\/elard-von-oldenburg\/","og_locale":"en_US","og_type":"article","og_title":"Kanzlei - Bernstorff | Rechtsanwalt - Elard von Oldenburg","og_description":"Elard von Oldenburg, Rechtsanwalt bei Bernstorff in Berlin \u2013 Beratung im Gesellschaftsrecht, Steuerrecht, Erbrecht und allgemeinen Wirtschaftsrecht.","og_url":"https:\/\/kanzlei-bernstorff.de\/en\/uber-uns\/elard-von-oldenburg\/","og_site_name":"Bernstorff - Rechtsanw\u00e4lte Partnerschaftsgesellschaft mbB","article_modified_time":"2026-01-12T12:15:46+00:00","og_image":[{"width":2560,"height":1707,"url":"https:\/\/kanzlei-bernstorff.de\/wp-content\/uploads\/2025\/12\/ElardvonOldenburg-scaled.jpg","type":"image\/jpeg"}],"twitter_card":"summary_large_image","twitter_misc":{"Est. reading time":"1 minute"},"schema":{"@context":"https:\/\/schema.org","@graph":[{"@type":"WebPage","@id":"https:\/\/kanzlei-bernstorff.de\/uber-uns\/elard-von-oldenburg\/","url":"https:\/\/kanzlei-bernstorff.de\/uber-uns\/elard-von-oldenburg\/","name":"Kanzlei - Bernstorff | Rechtsanwalt - Elard von Oldenburg","isPartOf":{"@id":"https:\/\/kanzlei-bernstorff.de\/#website"},"primaryImageOfPage":{"@id":"https:\/\/kanzlei-bernstorff.de\/uber-uns\/elard-von-oldenburg\/#primaryimage"},"image":{"@id":"https:\/\/kanzlei-bernstorff.de\/uber-uns\/elard-von-oldenburg\/#primaryimage"},"thumbnailUrl":"https:\/\/kanzlei-bernstorff.de\/wp-content\/uploads\/2025\/12\/ElardvonOldenburg-scaled.jpg","datePublished":"2014-12-08T17:05:50+00:00","dateModified":"2026-01-12T12:15:46+00:00","description":"Elard von Oldenburg, Rechtsanwalt bei Bernstorff in Berlin \u2013 Beratung im Gesellschaftsrecht, Steuerrecht, Erbrecht und allgemeinen Wirtschaftsrecht.","breadcrumb":{"@id":"https:\/\/kanzlei-bernstorff.de\/uber-uns\/elard-von-oldenburg\/#breadcrumb"},"inLanguage":"en-US","potentialAction":[{"@type":"ReadAction","target":["https:\/\/kanzlei-bernstorff.de\/uber-uns\/elard-von-oldenburg\/"]}]},{"@type":"ImageObject","inLanguage":"en-US","@id":"https:\/\/kanzlei-bernstorff.de\/uber-uns\/elard-von-oldenburg\/#primaryimage","url":"https:\/\/kanzlei-bernstorff.de\/wp-content\/uploads\/2025\/12\/ElardvonOldenburg-scaled.jpg","contentUrl":"https:\/\/kanzlei-bernstorff.de\/wp-content\/uploads\/2025\/12\/ElardvonOldenburg-scaled.jpg","width":2560,"height":1707},{"@type":"BreadcrumbList","@id":"https:\/\/kanzlei-bernstorff.de\/uber-uns\/elard-von-oldenburg\/#breadcrumb","itemListElement":[{"@type":"ListItem","position":1,"name":"Home","item":"https:\/\/kanzlei-bernstorff.de\/"},{"@type":"ListItem","position":2,"name":"Anw\u00e4lte","item":"https:\/\/kanzlei-bernstorff.de\/uber-uns\/"},{"@type":"ListItem","position":3,"name":"Elard von Oldenburg"}]},{"@type":"WebSite","@id":"https:\/\/kanzlei-bernstorff.de\/#website","url":"https:\/\/kanzlei-bernstorff.de\/","name":"Bernstorff - Rechtsanw\u00e4lte Partnerschaftsgesellschaft mbB","description":"Rechtsanw\u00e4lte Partnerschaftsgesellschaft mbB","publisher":{"@id":"https:\/\/kanzlei-bernstorff.de\/#organization"},"potentialAction":[{"@type":"SearchAction","target":{"@type":"EntryPoint","urlTemplate":"https:\/\/kanzlei-bernstorff.de\/?s={search_term_string}"},"query-input":{"@type":"PropertyValueSpecification","valueRequired":true,"valueName":"search_term_string"}}],"inLanguage":"en-US"},{"@type":"Organization","@id":"https:\/\/kanzlei-bernstorff.de\/#organization","name":"Bernstorff - Rechtsanw\u00e4lte Partnerschaftsgesellschaft mbB","url":"https:\/\/kanzlei-bernstorff.de\/","logo":{"@type":"ImageObject","inLanguage":"en-US","@id":"https:\/\/kanzlei-bernstorff.de\/#\/schema\/logo\/image\/","url":"https:\/\/kanzlei-bernstorff.de\/wp-content\/uploads\/2025\/12\/kanzlei-bernstorff-group-x.png","contentUrl":"https:\/\/kanzlei-bernstorff.de\/wp-content\/uploads\/2025\/12\/kanzlei-bernstorff-group-x.png","width":1360,"height":680,"caption":"Bernstorff - Rechtsanw\u00e4lte Partnerschaftsgesellschaft mbB"},"image":{"@id":"https:\/\/kanzlei-bernstorff.de\/#\/schema\/logo\/image\/"}}]}},"_links":{"self":[{"href":"https:\/\/kanzlei-bernstorff.de\/en\/wp-json\/wp\/v2\/pages\/51","targetHints":{"allow":["GET"]}}],"collection":[{"href":"https:\/\/kanzlei-bernstorff.de\/en\/wp-json\/wp\/v2\/pages"}],"about":[{"href":"https:\/\/kanzlei-bernstorff.de\/en\/wp-json\/wp\/v2\/types\/page"}],"author":[{"embeddable":true,"href":"https:\/\/kanzlei-bernstorff.de\/en\/wp-json\/wp\/v2\/users\/1"}],"replies":[{"embeddable":true,"href":"https:\/\/kanzlei-bernstorff.de\/en\/wp-json\/wp\/v2\/comments?post=51"}],"version-history":[{"count":9,"href":"https:\/\/kanzlei-bernstorff.de\/en\/wp-json\/wp\/v2\/pages\/51\/revisions"}],"predecessor-version":[{"id":2273,"href":"https:\/\/kanzlei-bernstorff.de\/en\/wp-json\/wp\/v2\/pages\/51\/revisions\/2273"}],"up":[{"embeddable":true,"href":"https:\/\/kanzlei-bernstorff.de\/en\/wp-json\/wp\/v2\/pages\/17"}],"wp:featuredmedia":[{"embeddable":true,"href":"https:\/\/kanzlei-bernstorff.de\/en\/wp-json\/wp\/v2\/media\/1963"}],"wp:attachment":[{"href":"https:\/\/kanzlei-bernstorff.de\/en\/wp-json\/wp\/v2\/media?parent=51"}],"curies":[{"name":"wp","href":"https:\/\/api.w.org\/{rel}","templated":true}]}}