{"id":6,"date":"2014-12-07T19:04:34","date_gmt":"2014-12-07T17:04:34","guid":{"rendered":"https:\/\/kanzlei-bernstorff.de\/?page_id=6"},"modified":"2026-01-12T13:09:20","modified_gmt":"2026-01-12T12:09:20","slug":"bernstorff-rechtsanwaelte-berlin-partnerschaftsgesellschaft-mbb","status":"publish","type":"page","link":"https:\/\/kanzlei-bernstorff.de\/en\/","title":{"rendered":"home"},"content":{"rendered":"<div class=\"wpb-content-wrapper\"><div class=\"vc_section vc_custom_1764075784054 wpex-relative\"><div class=\"vc_row wpb_row vc_row-fluid vc_row-o-equal-height vc_row-flex wpex-relative wpex-vc_row-gap-0 wpex-vc_row-mx-auto\" style=\"max-width:851px;\"><div class=\"wpb_column vc_column_container vc_col-sm-2 wpex-vc_col-has-fill\"><div class=\"vc_column-inner vc_custom_1764075414782\"><div class=\"wpb_wrapper\"><h2 style=\"font-size: 18px;color: #495D7F;line-height: 30px;text-align: center;font-family:Open Sans;font-weight:600;font-style:normal\" class=\"vc_custom_heading vc_do_custom_heading fw550 mobileVisible vc_custom_1764341659798\" ><a href=\"https:\/\/kanzlei-bernstorff.de\/en\/portrait\/\" title=\"Portrait\">Portrait<\/a><\/h2><figure class=\"vcex-image vcex-module vcex-fill-column wpex-text-center mwAuto picture\"><div class=\"vcex-image-inner wpex-relative wpex-inline-block\"><a href=\"https:\/\/kanzlei-bernstorff.de\/en\/portrait\/\"><img width=\"136\" height=\"298\" src=\"https:\/\/kanzlei-bernstorff.de\/wp-content\/uploads\/2025\/11\/1a.jpg\" class=\"vcex-image-img wpex-align-middle skip-lazy\" alt=\"\" data-no-lazy=\"1\" \/><\/a><\/div><\/figure><\/div><\/div><\/div><div class=\"wpb_column vc_column_container vc_col-sm-2\"><div class=\"vc_column-inner\"><div class=\"wpb_wrapper\"><h2 style=\"font-size: 18px;color: #495D7F;line-height: 30px;text-align: center;font-family:Open Sans;font-weight:600;font-style:normal\" class=\"vc_custom_heading vc_do_custom_heading fw550 mobileVisible vc_custom_1764363996762\" ><a href=\"https:\/\/kanzlei-bernstorff.de\/en\/unsere-rechtsgebiete\/\" title=\"Portrait\">Legal Expertise<\/a><\/h2><figure class=\"vcex-image vcex-module vcex-fill-column wpex-text-center mwAuto picture\"><div class=\"vcex-image-inner wpex-relative wpex-inline-block\"><a href=\"https:\/\/kanzlei-bernstorff.de\/en\/unsere-rechtsgebiete\/\"><img width=\"136\" height=\"298\" src=\"https:\/\/kanzlei-bernstorff.de\/wp-content\/uploads\/2025\/11\/1b.jpg\" class=\"vcex-image-img wpex-align-middle skip-lazy\" alt=\"\" data-no-lazy=\"1\" \/><\/a><\/div><\/figure><\/div><\/div><\/div><div class=\"wpb_column vc_column_container vc_col-sm-2\"><div class=\"vc_column-inner\"><div class=\"wpb_wrapper\"><h2 style=\"font-size: 18px;color: #495D7F;line-height: 30px;text-align: center;font-family:Open Sans;font-weight:600;font-style:normal\" class=\"vc_custom_heading vc_do_custom_heading fw550 mobileVisible vc_custom_1764364015128\" ><a href=\"https:\/\/kanzlei-bernstorff.de\/en\/uber-uns\/\" title=\"Portrait\">Lawyers<\/a><\/h2><figure class=\"vcex-image vcex-module vcex-fill-column wpex-text-center mwAuto picture\"><div class=\"vcex-image-inner wpex-relative wpex-inline-block\"><a href=\"https:\/\/kanzlei-bernstorff.de\/en\/uber-uns\/\"><img width=\"136\" height=\"298\" src=\"https:\/\/kanzlei-bernstorff.de\/wp-content\/uploads\/2025\/11\/1c.jpg\" class=\"vcex-image-img wpex-align-middle skip-lazy\" alt=\"\" data-no-lazy=\"1\" \/><\/a><\/div><\/figure><\/div><\/div><\/div><div class=\"wpb_column vc_column_container vc_col-sm-2\"><div class=\"vc_column-inner\"><div class=\"wpb_wrapper\"><h2 style=\"font-size: 18px;color: #495D7F;line-height: 30px;text-align: center;font-family:Open Sans;font-weight:600;font-style:normal\" class=\"vc_custom_heading vc_do_custom_heading fw550 mobileVisible vc_custom_1764341674753\" ><a href=\"https:\/\/kanzlei-bernstorff.de\/en\/aktuelles\/\" title=\"Portrait\">News<\/a><\/h2><figure class=\"vcex-image vcex-module vcex-fill-column wpex-text-center mwAuto picture\"><div class=\"vcex-image-inner wpex-relative wpex-inline-block\"><a href=\"https:\/\/kanzlei-bernstorff.de\/en\/aktuelles\/\"><img width=\"136\" height=\"298\" src=\"https:\/\/kanzlei-bernstorff.de\/wp-content\/uploads\/2025\/11\/1d.jpg\" class=\"vcex-image-img wpex-align-middle skip-lazy\" alt=\"\" data-no-lazy=\"1\" \/><\/a><\/div><\/figure><\/div><\/div><\/div><div class=\"wpb_column vc_column_container vc_col-sm-2\"><div class=\"vc_column-inner\"><div class=\"wpb_wrapper\"><h2 style=\"font-size: 18px;color: #495D7F;line-height: 30px;text-align: center;font-family:Open Sans;font-weight:600;font-style:normal\" class=\"vc_custom_heading vc_do_custom_heading fw550 mobileVisible vc_custom_1764341685313\" ><a href=\"https:\/\/kanzlei-bernstorff.de\/en\/unsere-kooperationspartner\/\" title=\"Portrait\">Cooperation<\/a><\/h2><figure class=\"vcex-image vcex-module vcex-fill-column wpex-text-center mwAuto picture\"><div class=\"vcex-image-inner wpex-relative wpex-inline-block\"><a href=\"https:\/\/kanzlei-bernstorff.de\/en\/unsere-kooperationspartner\/\"><img width=\"136\" height=\"298\" src=\"https:\/\/kanzlei-bernstorff.de\/wp-content\/uploads\/2025\/11\/1e.jpg\" class=\"vcex-image-img wpex-align-middle skip-lazy\" alt=\"\" data-no-lazy=\"1\" \/><\/a><\/div><\/figure><\/div><\/div><\/div><div class=\"wpb_column vc_column_container vc_col-sm-2\"><div class=\"vc_column-inner\"><div class=\"wpb_wrapper\"><h2 style=\"font-size: 18px;color: #495D7F;line-height: 30px;text-align: center;font-family:Open Sans;font-weight:600;font-style:normal\" class=\"vc_custom_heading vc_do_custom_heading fw550 mobileVisible vc_custom_1764341690590\" ><a href=\"https:\/\/kanzlei-bernstorff.de\/en\/kontakt\/\" title=\"Portrait\">Contact<\/a><\/h2><figure class=\"vcex-image vcex-module vcex-fill-column wpex-text-center mwAuto picture\"><div class=\"vcex-image-inner wpex-relative wpex-inline-block\"><a href=\"https:\/\/kanzlei-bernstorff.de\/en\/kontakt\/\"><img width=\"136\" height=\"298\" src=\"https:\/\/kanzlei-bernstorff.de\/wp-content\/uploads\/2025\/11\/1f.jpg\" class=\"vcex-image-img wpex-align-middle skip-lazy\" alt=\"\" data-no-lazy=\"1\" \/><\/a><\/div><\/figure><\/div><\/div><\/div><\/div><\/div>\n<\/div>","protected":false},"excerpt":{"rendered":"PortraitRechtsgebieteAnw\u00e4lteAktuellesKooperationKontakt","protected":false},"author":1,"featured_media":0,"parent":0,"menu_order":0,"comment_status":"open","ping_status":"open","template":"templates\/no-sidebar.php","meta":{"footnotes":""},"class_list":["post-6","page","type-page","status-publish","hentry","entry","no-media"],"yoast_head":"<!-- This site is optimized with the Yoast SEO plugin v27.4 - https:\/\/yoast.com\/product\/yoast-seo-wordpress\/ -->\n<title>Bernstorff | Rechtsanw\u00e4lte Partnersgesellschaft mbB<\/title>\n<meta name=\"description\" content=\"Bernstorff Rechtsanw\u00e4lte Berlin \u2013 Ihre Kanzlei f\u00fcr Wirtschaftsrecht, Arbeitsrecht, Gesellschaftsrecht, M&amp;A, Steuerrecht, Immobilienrecht und internationales Vertragsrecht.\" \/>\n<meta name=\"robots\" content=\"index, follow, max-snippet:-1, max-image-preview:large, max-video-preview:-1\" \/>\n<link rel=\"canonical\" href=\"https:\/\/kanzlei-bernstorff.de\/en\/\" \/>\n<meta property=\"og:locale\" content=\"en_US\" \/>\n<meta property=\"og:type\" content=\"article\" \/>\n<meta property=\"og:title\" content=\"Bernstorff &amp; Kollegen - Rechtsanw\u00e4lte in B\u00fcrogemeinschaft\" \/>\n<meta property=\"og:description\" content=\"Allgemeines Wirtschaftsrecht Internationales Gesch\u00e4ft Immobilienrecht Arbeitsrecht Urheber- und Medienrecht Gesellschaftsrecht Steuerrecht Exportrecht Importrecht Handelsrecht Au\u00dfenwirtschaftsrecht Handelsvertreterrecht Vertriebsh\u00e4ndlerrecht Internationales Vertragsrecht Individualarbeitsrecht K\u00fcndigungsschutzrecht Tarifvertragsrecht Betriebsverfassungsrecht GmbH-Recht AG-Recht Gesch\u00e4ftsf\u00fchrer(haftungs)recht Vorstandsrecht M&amp;A Steuerstrafrecht Lizenzrecht Medienrecht\" \/>\n<meta property=\"og:url\" content=\"https:\/\/kanzlei-bernstorff.de\/en\/\" \/>\n<meta property=\"og:site_name\" content=\"Bernstorff - Rechtsanw\u00e4lte Partnerschaftsgesellschaft mbB\" \/>\n<meta property=\"article:modified_time\" content=\"2026-01-12T12:09:20+00:00\" \/>\n<meta property=\"og:image\" content=\"https:\/\/kanzlei-bernstorff.de\/wp-content\/uploads\/2014\/12\/7.jpg\" \/>\n\t<meta property=\"og:image:width\" content=\"816\" \/>\n\t<meta property=\"og:image:height\" content=\"298\" \/>\n\t<meta property=\"og:image:type\" content=\"image\/jpeg\" \/>\n<meta name=\"twitter:card\" content=\"summary_large_image\" \/>\n<meta name=\"twitter:label1\" content=\"Est. reading time\" \/>\n\t<meta name=\"twitter:data1\" content=\"1 minute\" \/>\n<script type=\"application\/ld+json\" class=\"yoast-schema-graph\">{\"@context\":\"https:\\\/\\\/schema.org\",\"@graph\":[{\"@type\":\"WebPage\",\"@id\":\"https:\\\/\\\/kanzlei-bernstorff.de\\\/\",\"url\":\"https:\\\/\\\/kanzlei-bernstorff.de\\\/\",\"name\":\"Bernstorff | Rechtsanw\u00e4lte Partnersgesellschaft mbB\",\"isPartOf\":{\"@id\":\"https:\\\/\\\/kanzlei-bernstorff.de\\\/#website\"},\"datePublished\":\"2014-12-07T17:04:34+00:00\",\"dateModified\":\"2026-01-12T12:09:20+00:00\",\"description\":\"Bernstorff Rechtsanw\u00e4lte Berlin \u2013 Ihre Kanzlei f\u00fcr Wirtschaftsrecht, Arbeitsrecht, Gesellschaftsrecht, M&A, Steuerrecht, Immobilienrecht und internationales Vertragsrecht.\",\"breadcrumb\":{\"@id\":\"https:\\\/\\\/kanzlei-bernstorff.de\\\/#breadcrumb\"},\"inLanguage\":\"en-US\",\"potentialAction\":[{\"@type\":\"ReadAction\",\"target\":[\"https:\\\/\\\/kanzlei-bernstorff.de\\\/\"]}]},{\"@type\":\"BreadcrumbList\",\"@id\":\"https:\\\/\\\/kanzlei-bernstorff.de\\\/#breadcrumb\",\"itemListElement\":[{\"@type\":\"ListItem\",\"position\":1,\"name\":\"Home\",\"item\":\"https:\\\/\\\/kanzlei-bernstorff.de\\\/\"},{\"@type\":\"ListItem\",\"position\":2,\"name\":\"home\"}]},{\"@type\":\"WebSite\",\"@id\":\"https:\\\/\\\/kanzlei-bernstorff.de\\\/#website\",\"url\":\"https:\\\/\\\/kanzlei-bernstorff.de\\\/\",\"name\":\"Bernstorff - Rechtsanw\u00e4lte Partnerschaftsgesellschaft mbB\",\"description\":\"Rechtsanw\u00e4lte Partnerschaftsgesellschaft mbB\",\"publisher\":{\"@id\":\"https:\\\/\\\/kanzlei-bernstorff.de\\\/#organization\"},\"potentialAction\":[{\"@type\":\"SearchAction\",\"target\":{\"@type\":\"EntryPoint\",\"urlTemplate\":\"https:\\\/\\\/kanzlei-bernstorff.de\\\/?s={search_term_string}\"},\"query-input\":{\"@type\":\"PropertyValueSpecification\",\"valueRequired\":true,\"valueName\":\"search_term_string\"}}],\"inLanguage\":\"en-US\"},{\"@type\":\"Organization\",\"@id\":\"https:\\\/\\\/kanzlei-bernstorff.de\\\/#organization\",\"name\":\"Bernstorff - Rechtsanw\u00e4lte Partnerschaftsgesellschaft mbB\",\"url\":\"https:\\\/\\\/kanzlei-bernstorff.de\\\/\",\"logo\":{\"@type\":\"ImageObject\",\"inLanguage\":\"en-US\",\"@id\":\"https:\\\/\\\/kanzlei-bernstorff.de\\\/#\\\/schema\\\/logo\\\/image\\\/\",\"url\":\"https:\\\/\\\/kanzlei-bernstorff.de\\\/wp-content\\\/uploads\\\/2025\\\/12\\\/kanzlei-bernstorff-group-x.png\",\"contentUrl\":\"https:\\\/\\\/kanzlei-bernstorff.de\\\/wp-content\\\/uploads\\\/2025\\\/12\\\/kanzlei-bernstorff-group-x.png\",\"width\":1360,\"height\":680,\"caption\":\"Bernstorff - Rechtsanw\u00e4lte Partnerschaftsgesellschaft mbB\"},\"image\":{\"@id\":\"https:\\\/\\\/kanzlei-bernstorff.de\\\/#\\\/schema\\\/logo\\\/image\\\/\"}}]}<\/script>\n<!-- \/ Yoast SEO plugin. -->","yoast_head_json":{"title":"Bernstorff | Rechtsanw\u00e4lte Partnersgesellschaft mbB","description":"Bernstorff Rechtsanw\u00e4lte Berlin \u2013 Ihre Kanzlei f\u00fcr Wirtschaftsrecht, Arbeitsrecht, Gesellschaftsrecht, M&A, Steuerrecht, Immobilienrecht und internationales Vertragsrecht.","robots":{"index":"index","follow":"follow","max-snippet":"max-snippet:-1","max-image-preview":"max-image-preview:large","max-video-preview":"max-video-preview:-1"},"canonical":"https:\/\/kanzlei-bernstorff.de\/en\/","og_locale":"en_US","og_type":"article","og_title":"Bernstorff & Kollegen - Rechtsanw\u00e4lte in B\u00fcrogemeinschaft","og_description":"Allgemeines Wirtschaftsrecht Internationales Gesch\u00e4ft Immobilienrecht Arbeitsrecht Urheber- und Medienrecht Gesellschaftsrecht Steuerrecht Exportrecht Importrecht Handelsrecht Au\u00dfenwirtschaftsrecht Handelsvertreterrecht Vertriebsh\u00e4ndlerrecht Internationales Vertragsrecht Individualarbeitsrecht K\u00fcndigungsschutzrecht Tarifvertragsrecht Betriebsverfassungsrecht GmbH-Recht AG-Recht Gesch\u00e4ftsf\u00fchrer(haftungs)recht Vorstandsrecht M&A Steuerstrafrecht Lizenzrecht Medienrecht","og_url":"https:\/\/kanzlei-bernstorff.de\/en\/","og_site_name":"Bernstorff - Rechtsanw\u00e4lte Partnerschaftsgesellschaft mbB","article_modified_time":"2026-01-12T12:09:20+00:00","og_image":[{"width":816,"height":298,"url":"https:\/\/kanzlei-bernstorff.de\/wp-content\/uploads\/2014\/12\/7.jpg","type":"image\/jpeg"}],"twitter_card":"summary_large_image","twitter_misc":{"Est. reading time":"1 minute"},"schema":{"@context":"https:\/\/schema.org","@graph":[{"@type":"WebPage","@id":"https:\/\/kanzlei-bernstorff.de\/","url":"https:\/\/kanzlei-bernstorff.de\/","name":"Bernstorff | Rechtsanw\u00e4lte Partnersgesellschaft mbB","isPartOf":{"@id":"https:\/\/kanzlei-bernstorff.de\/#website"},"datePublished":"2014-12-07T17:04:34+00:00","dateModified":"2026-01-12T12:09:20+00:00","description":"Bernstorff Rechtsanw\u00e4lte Berlin \u2013 Ihre Kanzlei f\u00fcr Wirtschaftsrecht, Arbeitsrecht, Gesellschaftsrecht, M&A, Steuerrecht, Immobilienrecht und internationales Vertragsrecht.","breadcrumb":{"@id":"https:\/\/kanzlei-bernstorff.de\/#breadcrumb"},"inLanguage":"en-US","potentialAction":[{"@type":"ReadAction","target":["https:\/\/kanzlei-bernstorff.de\/"]}]},{"@type":"BreadcrumbList","@id":"https:\/\/kanzlei-bernstorff.de\/#breadcrumb","itemListElement":[{"@type":"ListItem","position":1,"name":"Home","item":"https:\/\/kanzlei-bernstorff.de\/"},{"@type":"ListItem","position":2,"name":"home"}]},{"@type":"WebSite","@id":"https:\/\/kanzlei-bernstorff.de\/#website","url":"https:\/\/kanzlei-bernstorff.de\/","name":"Bernstorff - Rechtsanw\u00e4lte Partnerschaftsgesellschaft mbB","description":"Rechtsanw\u00e4lte Partnerschaftsgesellschaft mbB","publisher":{"@id":"https:\/\/kanzlei-bernstorff.de\/#organization"},"potentialAction":[{"@type":"SearchAction","target":{"@type":"EntryPoint","urlTemplate":"https:\/\/kanzlei-bernstorff.de\/?s={search_term_string}"},"query-input":{"@type":"PropertyValueSpecification","valueRequired":true,"valueName":"search_term_string"}}],"inLanguage":"en-US"},{"@type":"Organization","@id":"https:\/\/kanzlei-bernstorff.de\/#organization","name":"Bernstorff - Rechtsanw\u00e4lte Partnerschaftsgesellschaft mbB","url":"https:\/\/kanzlei-bernstorff.de\/","logo":{"@type":"ImageObject","inLanguage":"en-US","@id":"https:\/\/kanzlei-bernstorff.de\/#\/schema\/logo\/image\/","url":"https:\/\/kanzlei-bernstorff.de\/wp-content\/uploads\/2025\/12\/kanzlei-bernstorff-group-x.png","contentUrl":"https:\/\/kanzlei-bernstorff.de\/wp-content\/uploads\/2025\/12\/kanzlei-bernstorff-group-x.png","width":1360,"height":680,"caption":"Bernstorff - Rechtsanw\u00e4lte Partnerschaftsgesellschaft mbB"},"image":{"@id":"https:\/\/kanzlei-bernstorff.de\/#\/schema\/logo\/image\/"}}]}},"_links":{"self":[{"href":"https:\/\/kanzlei-bernstorff.de\/en\/wp-json\/wp\/v2\/pages\/6","targetHints":{"allow":["GET"]}}],"collection":[{"href":"https:\/\/kanzlei-bernstorff.de\/en\/wp-json\/wp\/v2\/pages"}],"about":[{"href":"https:\/\/kanzlei-bernstorff.de\/en\/wp-json\/wp\/v2\/types\/page"}],"author":[{"embeddable":true,"href":"https:\/\/kanzlei-bernstorff.de\/en\/wp-json\/wp\/v2\/users\/1"}],"replies":[{"embeddable":true,"href":"https:\/\/kanzlei-bernstorff.de\/en\/wp-json\/wp\/v2\/comments?post=6"}],"version-history":[{"count":10,"href":"https:\/\/kanzlei-bernstorff.de\/en\/wp-json\/wp\/v2\/pages\/6\/revisions"}],"predecessor-version":[{"id":1922,"href":"https:\/\/kanzlei-bernstorff.de\/en\/wp-json\/wp\/v2\/pages\/6\/revisions\/1922"}],"wp:attachment":[{"href":"https:\/\/kanzlei-bernstorff.de\/en\/wp-json\/wp\/v2\/media?parent=6"}],"curies":[{"name":"wp","href":"https:\/\/api.w.org\/{rel}","templated":true}]}}