{"id":62,"date":"2014-12-09T18:18:02","date_gmt":"2014-12-09T16:18:02","guid":{"rendered":"https:\/\/kanzlei-bernstorff.de\/?page_id=62"},"modified":"2025-12-01T12:39:02","modified_gmt":"2025-12-01T14:39:02","slug":"impressum","status":"publish","type":"page","link":"https:\/\/kanzlei-bernstorff.de\/en\/impressum\/","title":{"rendered":"Legal Notice"},"content":{"rendered":"<div class=\"wpb-content-wrapper\"><div class=\"vc_section wpex-relative\"><div class=\"vc_row wpb_row vc_row-fluid wpex-relative\"><div class=\"wpb_column vc_column_container vc_col-sm-12\"><div class=\"vc_column-inner\"><div class=\"wpb_wrapper\"><div class=\"vc_row wpb_row vc_inner vc_row-fluid wpex-relative\"><div class=\"wpb_column vc_column_container vc_col-sm-12\"><div class=\"vc_column-inner\"><div class=\"wpb_wrapper\"><figure class=\"vcex-image vcex-module\"><div class=\"vcex-image-inner wpex-relative wpex-w-100 vc_custom_1764215308479\"><img width=\"816\" height=\"298\" src=\"https:\/\/kanzlei-bernstorff.de\/wp-content\/uploads\/2014\/12\/1a_bg.jpg\" class=\"vcex-image-img wpex-align-middle wpex-w-100\" alt=\"\" loading=\"lazy\" decoding=\"async\" srcset=\"https:\/\/kanzlei-bernstorff.de\/wp-content\/uploads\/2014\/12\/1a_bg.jpg 816w, https:\/\/kanzlei-bernstorff.de\/wp-content\/uploads\/2014\/12\/1a_bg-300x110.jpg 300w, https:\/\/kanzlei-bernstorff.de\/wp-content\/uploads\/2014\/12\/1a_bg-768x280.jpg 768w\" sizes=\"auto, (max-width: 816px) 100vw, 816px\" \/><\/div><\/figure><h4 style=\"font-size: 14px;color: #495D7E;line-height: 30px;text-align: left;font-family:Open Sans;font-weight:700;font-style:normal\" class=\"vc_custom_heading vc_do_custom_heading vc_custom_1764305287092\" >Legal Notice<\/h4><style>.vcex-heading.vcex_69e08d36a626b{color:#495d7e;font-size:14px;font-family:'Open Sans', sans-serif;font-weight:700;text-transform:capitalize;line-height:30px;}<\/style><div class=\"vcex-heading vcex-heading-plain vcex-module wpex-heading wpex-text-2xl headingWithLineOnRight vcex_69e08d36a626b\"><span class=\"vcex-heading-inner wpex-inline-block\">Contact<\/span><\/div>\n\t<div class=\"wpb_text_column wpb_content_element\" >\n\t\t<div class=\"wpb_wrapper\">\n\t\t\t<p>Bernstorff Lawyers Partnership mbB<\/p>\n\n\t\t<\/div>\n\t<\/div>\n<div class=\"vcex-spacing wpex-w-100 wpex-clear\" style=\"height:10px;\"><\/div>\n\t<div class=\"wpb_text_column wpb_content_element\" >\n\t\t<div class=\"wpb_wrapper\">\n\t\t\t<p>Kantstra\u00dfe 13<br \/>\n10623 Berlin<\/p>\n\n\t\t<\/div>\n\t<\/div>\n<div class=\"vcex-spacing wpex-w-100 wpex-clear\" style=\"height:10px;\"><\/div>\n\t<div class=\"wpb_text_column wpb_content_element\" >\n\t\t<div class=\"wpb_wrapper\">\n\t\t\t<p>Tel.: +49 30 \/ 23 00 39 8 0<br \/>\nFax: +49 30 \/ 23 00 39 8 11<\/p>\n\n\t\t<\/div>\n\t<\/div>\n<div class=\"vcex-spacing wpex-w-100 wpex-clear\" style=\"height:10px;\"><\/div>\n\t<div class=\"wpb_text_column wpb_content_element\" >\n\t\t<div class=\"wpb_wrapper\">\n\t\t\t<p>info@kanzlei-bernstorff.de\n(Spam protection, please remove spaces before and after @)<br \/>\nRegister court: Amtsgericht Charlottenburg Register number: PR 1595<\/p>\n\n\t\t<\/div>\n\t<\/div>\n<style>.vcex-heading.vcex_69e08d36a7a29{color:#495d7e;font-size:14px;font-family:'Open Sans', sans-serif;font-weight:700;text-transform:capitalize;line-height:30px;}<\/style><div class=\"vcex-heading vcex-heading-plain vcex-module wpex-heading wpex-text-2xl headingWithLineOnRight vcex_69e08d36a7a29\"><span class=\"vcex-heading-inner wpex-inline-block\">Information in accordance with Sec. 5 TMG (German Teleservices Act)<\/span><\/div>\n\t<div class=\"wpb_text_column wpb_content_element\" >\n\t\t<div class=\"wpb_wrapper\">\n\t\t\t<p>Niklas Graf von Bernstorff, LL.M is responsible for the homepage content.<br \/>\nHe is directly available at the contact details provided.<\/p>\n\n\t\t<\/div>\n\t<\/div>\n<style>.vcex-heading.vcex_69e08d36a7d8a{color:#495d7e;font-size:14px;font-family:'Open Sans', sans-serif;font-weight:700;text-transform:capitalize;line-height:30px;}<\/style><div class=\"vcex-heading vcex-heading-plain vcex-module wpex-heading wpex-text-2xl headingWithLineOnRight vcex_69e08d36a7d8a\"><span class=\"vcex-heading-inner wpex-inline-block\">Legal supervisory authorities and rules of professional conduct<\/span><\/div><h4 style=\"font-size: 14px;color: #000000;line-height: 30px;text-align: left;font-family:Open Sans;font-weight:700;font-style:normal\" class=\"vc_custom_heading vc_do_custom_heading vc_custom_1764305750200\" >Legal supervisory authorities<\/h4>\n\t<div class=\"wpb_text_column wpb_content_element\" >\n\t\t<div class=\"wpb_wrapper\">\n\t\t\t<p>Berlin Bar Association (\u201dRechtsanwaltskammer Berlin\u201d)<br \/>\nLittenstrasse 9<br \/>\n10785 Berlin<br \/>\nTelefon: 030\/30 69 31 0<br \/>\nTelefax: 030\/ 30 69 31 99<\/p>\n\n\t\t<\/div>\n\t<\/div>\n<div class=\"vcex-spacing wpex-w-100 wpex-clear\" style=\"height:10px;\"><\/div>\n\t<div class=\"wpb_text_column wpb_content_element\" >\n\t\t<div class=\"wpb_wrapper\">\n\t\t\t<p><a href=\"http:\/\/www.rak-berlin.de\" target=\"_blank\" rel=\"noopener\">http:\/\/www.rak-berlin.de\/<\/a><br \/>\nE-mail: info@rak-berlin.de<\/p>\n\n\t\t<\/div>\n\t<\/div>\n<div class=\"vcex-spacing wpex-w-100 wpex-clear\" style=\"height:10px;\"><\/div><style>.vcex-heading.vcex_69e08d36a8395{color:#495d7e;font-size:14px;font-family:'Open Sans', sans-serif;font-weight:700;text-transform:capitalize;line-height:30px;}<\/style><div class=\"vcex-heading vcex-heading-plain vcex-module wpex-heading wpex-text-2xl headingWithLineOnRight vcex_69e08d36a8395\"><span class=\"vcex-heading-inner wpex-inline-block\">Rules of professional conduct<\/span><\/div><div class=\"vcex-module vcex-bullets vcex-bullets--vertical vcex-bullets-ni listWithBlueBox\">\n<ul role=\"list\">\n<li>Federal code for the legal profession (Bundesrechtsanwaltsordnung \u2013 BRAO)<\/li>\n<li>Law on the remuneration of lawyers (Gesetz \u00fcber die Verg\u00fctung der Rechtsanw\u00e4ltinnen und Rechtsanw\u00e4lte \u2013 RVG)<\/li>\n<li>Rules of professional conduct (Berufsordnung \u2013 BORA)<\/li>\n<li>Rules and regulations for specialist lawyers (FAO)<\/li>\n<\/ul>\n<\/div><div class=\"vcex-spacing wpex-w-100 wpex-clear\" style=\"height:10px;\"><\/div>\n\t<div class=\"wpb_text_column wpb_content_element\" >\n\t\t<div class=\"wpb_wrapper\">\n\t\t\t<p>You can find these regulations at:<br \/>\n<a href=\"http:\/\/www.rak-berlin.de\">http:\/\/www.rak-berlin.de\/<\/a><\/p>\n\n\t\t<\/div>\n\t<\/div>\n<style>.vcex-heading.vcex_69e08d36a8c4a{color:#495d7e;font-size:14px;font-family:'Open Sans', sans-serif;font-weight:700;text-transform:capitalize;line-height:30px;}<\/style><div class=\"vcex-heading vcex-heading-plain vcex-module wpex-heading wpex-text-2xl headingWithLineOnRight vcex_69e08d36a8c4a\"><span class=\"vcex-heading-inner wpex-inline-block\">Professional Liability Insurance<\/span><\/div>\n\t<div class=\"wpb_text_column wpb_content_element\" >\n\t\t<div class=\"wpb_wrapper\">\n\t\t\t<p>For Bernstorff Rechtsanw\u00e4lte Partnerschaftsgesellschaft mbB:<br \/>\nErgo Versicherungsgruppe AG,<br \/>\nVictoriaplatz 2,<br \/>\n40198 D\u00fcsseldorf<\/p>\n\n\t\t<\/div>\n\t<\/div>\n<style>.vcex-heading.vcex_69e08d36a8f8a{color:#495d7e;font-size:14px;font-family:'Open Sans', sans-serif;font-weight:700;text-transform:capitalize;line-height:30px;}<\/style><div class=\"vcex-heading vcex-heading-plain vcex-module wpex-heading wpex-text-2xl headingWithLineOnRight vcex_69e08d36a8f8a\"><span class=\"vcex-heading-inner wpex-inline-block\">Consumer Dispute Resolution<\/span><\/div>\n\t<div class=\"wpb_text_column wpb_content_element\" >\n\t\t<div class=\"wpb_wrapper\">\n\t\t\t<p>Bernstorff Rechtsanw\u00e4lte Partnerschaftsgesellschaft mbB is not willing or obliged to participate in dispute resolution proceedings before a consumer arbitration board.<\/p>\n\n\t\t<\/div>\n\t<\/div>\n<style>.vcex-heading.vcex_69e08d36a92d9{color:#495d7e;font-size:14px;font-family:'Open Sans', sans-serif;font-weight:700;text-transform:capitalize;line-height:30px;}<\/style><div class=\"vcex-heading vcex-heading-plain vcex-module wpex-heading wpex-text-2xl headingWithLineOnRight vcex_69e08d36a92d9\"><span class=\"vcex-heading-inner wpex-inline-block\">Web Design And Development<\/span><\/div>\n\t<div class=\"wpb_text_column wpb_content_element\" >\n\t\t<div class=\"wpb_wrapper\">\n\t\t\t<p>CodeLax IT GmbH \u2013 Your digital agency from Hamburg!<\/p>\n\n\t\t<\/div>\n\t<\/div>\n\n\t<div class=\"wpb_text_column wpb_content_element\" >\n\t\t<div class=\"wpb_wrapper\">\n\t\t\t<p><a href=\"https:\/\/www.codelax.com\" target=\"_blank\" rel=\"noopener\">www.codelax.com<\/a><\/p>\n\n\t\t<\/div>\n\t<\/div>\n<style>.vcex-heading.vcex_69e08d36a96d2{color:#495d7e;font-size:14px;font-family:'Open Sans', sans-serif;font-weight:700;text-transform:capitalize;line-height:30px;}<\/style><div class=\"vcex-heading vcex-heading-plain vcex-module wpex-heading wpex-text-2xl headingWithLineOnRight vcex_69e08d36a96d2\"><span class=\"vcex-heading-inner wpex-inline-block\">Reference For The Used Images And Graphics:<\/span><\/div>\n\t<div class=\"wpb_text_column wpb_content_element\" >\n\t\t<div class=\"wpb_wrapper\">\n\t\t\t<p>Fotolia:<\/p>\n\n\t\t<\/div>\n\t<\/div>\n<div class=\"vcex-spacing wpex-w-100 wpex-clear\" style=\"height:10px;\"><\/div>\n\t<div class=\"wpb_text_column wpb_content_element\" >\n\t\t<div class=\"wpb_wrapper\">\n\t\t\t<p>Brandenburger Tor &#8211; Berlin &#8211; VanderWolf Images \/ Fotolia<br \/>\nBrandenburger Tor &#8211; Berlin &#8211; VanderWolf Images \/ Fotolia<br \/>\nBusiness People Giving Handshake, Aerial View &#8211; LoloStock \/ Fotolia<br \/>\nYoung businessman using smart phone &#8211; LoloStock \/ Fotolia<br \/>\nAllegory of Justice &#8211; epitavi \/ Fotolia<\/p>\n\n\t\t<\/div>\n\t<\/div>\n<div class=\"vcex-spacing wpex-w-100 wpex-clear\" style=\"height:20px;\"><\/div>\n\t<div class=\"wpb_text_column wpb_content_element\" >\n\t\t<div class=\"wpb_wrapper\">\n\t\t\t<p>PeopleImages:<\/p>\n\n\t\t<\/div>\n\t<\/div>\n\n\t<div class=\"wpb_text_column wpb_content_element\" >\n\t\t<div class=\"wpb_wrapper\">\n\t\t\t<p>Stock Photo &#8211; Get to know your rights &#8211; Stock photo ID: 376518 \/ PeopleImages<\/p>\n\n\t\t<\/div>\n\t<\/div>\n<\/div><\/div><\/div><\/div><\/div><\/div><\/div><\/div><\/div>\n<\/div>","protected":false},"excerpt":{"rendered":"ImpressumKontakt Bernstorff Rechtsanw\u00e4lte Partnerschaftsgesellschaft mbB Kantstra\u00dfe 13 10623 Berlin Tel.: +49 30 \/ 23 00 39 8 0 Fax: +49 30 \/ 23 00 39 8 11 info @ kanzlei-bernstorff.de (Spamschutz, bitte Leerstellen vor und nach @ weglassen) Registergericht: Amtsgericht Charlottenburg Registernummer: PR 1595 Angaben gem\u00e4\u00df \u00a7 5 TMG Verantwortlich f\u00fcr die Inhalte des Anbieters&hellip;","protected":false},"author":1,"featured_media":15,"parent":0,"menu_order":0,"comment_status":"open","ping_status":"closed","template":"templates\/no-sidebar.php","meta":{"footnotes":""},"class_list":["post-62","page","type-page","status-publish","has-post-thumbnail","hentry","entry","has-media"],"yoast_head":"<!-- This site is optimized with the Yoast SEO plugin v27.4 - https:\/\/yoast.com\/product\/yoast-seo-wordpress\/ -->\n<title>Kanzlei - Bernstorff | Impressum<\/title>\n<meta name=\"robots\" content=\"index, nofollow, max-snippet:-1, max-image-preview:large, max-video-preview:-1\" \/>\n<link rel=\"canonical\" href=\"https:\/\/kanzlei-bernstorff.de\/en\/impressum\/\" \/>\n<meta property=\"og:locale\" content=\"en_US\" \/>\n<meta property=\"og:type\" content=\"article\" \/>\n<meta property=\"og:title\" content=\"Kanzlei - Bernstorff | Impressum\" \/>\n<meta property=\"og:url\" content=\"https:\/\/kanzlei-bernstorff.de\/en\/impressum\/\" \/>\n<meta property=\"og:site_name\" content=\"Bernstorff - Rechtsanw\u00e4lte Partnerschaftsgesellschaft mbB\" \/>\n<meta property=\"article:modified_time\" content=\"2025-12-01T14:39:02+00:00\" \/>\n<meta property=\"og:image\" content=\"https:\/\/kanzlei-bernstorff.de\/wp-content\/uploads\/2014\/12\/1a_bg.jpg\" \/>\n\t<meta property=\"og:image:width\" content=\"816\" \/>\n\t<meta property=\"og:image:height\" content=\"298\" \/>\n\t<meta property=\"og:image:type\" content=\"image\/jpeg\" \/>\n<meta name=\"twitter:card\" content=\"summary_large_image\" \/>\n<meta name=\"twitter:label1\" content=\"Est. reading time\" \/>\n\t<meta name=\"twitter:data1\" content=\"2 minutes\" \/>\n<script type=\"application\/ld+json\" class=\"yoast-schema-graph\">{\"@context\":\"https:\\\/\\\/schema.org\",\"@graph\":[{\"@type\":\"WebPage\",\"@id\":\"https:\\\/\\\/kanzlei-bernstorff.de\\\/impressum\\\/\",\"url\":\"https:\\\/\\\/kanzlei-bernstorff.de\\\/impressum\\\/\",\"name\":\"Kanzlei - Bernstorff | Impressum\",\"isPartOf\":{\"@id\":\"https:\\\/\\\/kanzlei-bernstorff.de\\\/#website\"},\"primaryImageOfPage\":{\"@id\":\"https:\\\/\\\/kanzlei-bernstorff.de\\\/impressum\\\/#primaryimage\"},\"image\":{\"@id\":\"https:\\\/\\\/kanzlei-bernstorff.de\\\/impressum\\\/#primaryimage\"},\"thumbnailUrl\":\"https:\\\/\\\/kanzlei-bernstorff.de\\\/wp-content\\\/uploads\\\/2014\\\/12\\\/1a_bg.jpg\",\"datePublished\":\"2014-12-09T16:18:02+00:00\",\"dateModified\":\"2025-12-01T14:39:02+00:00\",\"breadcrumb\":{\"@id\":\"https:\\\/\\\/kanzlei-bernstorff.de\\\/impressum\\\/#breadcrumb\"},\"inLanguage\":\"en-US\",\"potentialAction\":[{\"@type\":\"ReadAction\",\"target\":[\"https:\\\/\\\/kanzlei-bernstorff.de\\\/impressum\\\/\"]}]},{\"@type\":\"ImageObject\",\"inLanguage\":\"en-US\",\"@id\":\"https:\\\/\\\/kanzlei-bernstorff.de\\\/impressum\\\/#primaryimage\",\"url\":\"https:\\\/\\\/kanzlei-bernstorff.de\\\/wp-content\\\/uploads\\\/2014\\\/12\\\/1a_bg.jpg\",\"contentUrl\":\"https:\\\/\\\/kanzlei-bernstorff.de\\\/wp-content\\\/uploads\\\/2014\\\/12\\\/1a_bg.jpg\",\"width\":816,\"height\":298},{\"@type\":\"BreadcrumbList\",\"@id\":\"https:\\\/\\\/kanzlei-bernstorff.de\\\/impressum\\\/#breadcrumb\",\"itemListElement\":[{\"@type\":\"ListItem\",\"position\":1,\"name\":\"Home\",\"item\":\"https:\\\/\\\/kanzlei-bernstorff.de\\\/\"},{\"@type\":\"ListItem\",\"position\":2,\"name\":\"Impressum\"}]},{\"@type\":\"WebSite\",\"@id\":\"https:\\\/\\\/kanzlei-bernstorff.de\\\/#website\",\"url\":\"https:\\\/\\\/kanzlei-bernstorff.de\\\/\",\"name\":\"Bernstorff - Rechtsanw\u00e4lte Partnerschaftsgesellschaft mbB\",\"description\":\"Rechtsanw\u00e4lte Partnerschaftsgesellschaft mbB\",\"publisher\":{\"@id\":\"https:\\\/\\\/kanzlei-bernstorff.de\\\/#organization\"},\"potentialAction\":[{\"@type\":\"SearchAction\",\"target\":{\"@type\":\"EntryPoint\",\"urlTemplate\":\"https:\\\/\\\/kanzlei-bernstorff.de\\\/?s={search_term_string}\"},\"query-input\":{\"@type\":\"PropertyValueSpecification\",\"valueRequired\":true,\"valueName\":\"search_term_string\"}}],\"inLanguage\":\"en-US\"},{\"@type\":\"Organization\",\"@id\":\"https:\\\/\\\/kanzlei-bernstorff.de\\\/#organization\",\"name\":\"Bernstorff - Rechtsanw\u00e4lte Partnerschaftsgesellschaft mbB\",\"url\":\"https:\\\/\\\/kanzlei-bernstorff.de\\\/\",\"logo\":{\"@type\":\"ImageObject\",\"inLanguage\":\"en-US\",\"@id\":\"https:\\\/\\\/kanzlei-bernstorff.de\\\/#\\\/schema\\\/logo\\\/image\\\/\",\"url\":\"https:\\\/\\\/kanzlei-bernstorff.de\\\/wp-content\\\/uploads\\\/2025\\\/12\\\/kanzlei-bernstorff-group-x.png\",\"contentUrl\":\"https:\\\/\\\/kanzlei-bernstorff.de\\\/wp-content\\\/uploads\\\/2025\\\/12\\\/kanzlei-bernstorff-group-x.png\",\"width\":1360,\"height\":680,\"caption\":\"Bernstorff - Rechtsanw\u00e4lte Partnerschaftsgesellschaft mbB\"},\"image\":{\"@id\":\"https:\\\/\\\/kanzlei-bernstorff.de\\\/#\\\/schema\\\/logo\\\/image\\\/\"}}]}<\/script>\n<!-- \/ Yoast SEO plugin. -->","yoast_head_json":{"title":"Kanzlei - Bernstorff | Impressum","robots":{"index":"index","follow":"nofollow","max-snippet":"max-snippet:-1","max-image-preview":"max-image-preview:large","max-video-preview":"max-video-preview:-1"},"canonical":"https:\/\/kanzlei-bernstorff.de\/en\/impressum\/","og_locale":"en_US","og_type":"article","og_title":"Kanzlei - Bernstorff | Impressum","og_url":"https:\/\/kanzlei-bernstorff.de\/en\/impressum\/","og_site_name":"Bernstorff - Rechtsanw\u00e4lte Partnerschaftsgesellschaft mbB","article_modified_time":"2025-12-01T14:39:02+00:00","og_image":[{"width":816,"height":298,"url":"https:\/\/kanzlei-bernstorff.de\/wp-content\/uploads\/2014\/12\/1a_bg.jpg","type":"image\/jpeg"}],"twitter_card":"summary_large_image","twitter_misc":{"Est. reading time":"2 minutes"},"schema":{"@context":"https:\/\/schema.org","@graph":[{"@type":"WebPage","@id":"https:\/\/kanzlei-bernstorff.de\/impressum\/","url":"https:\/\/kanzlei-bernstorff.de\/impressum\/","name":"Kanzlei - Bernstorff | Impressum","isPartOf":{"@id":"https:\/\/kanzlei-bernstorff.de\/#website"},"primaryImageOfPage":{"@id":"https:\/\/kanzlei-bernstorff.de\/impressum\/#primaryimage"},"image":{"@id":"https:\/\/kanzlei-bernstorff.de\/impressum\/#primaryimage"},"thumbnailUrl":"https:\/\/kanzlei-bernstorff.de\/wp-content\/uploads\/2014\/12\/1a_bg.jpg","datePublished":"2014-12-09T16:18:02+00:00","dateModified":"2025-12-01T14:39:02+00:00","breadcrumb":{"@id":"https:\/\/kanzlei-bernstorff.de\/impressum\/#breadcrumb"},"inLanguage":"en-US","potentialAction":[{"@type":"ReadAction","target":["https:\/\/kanzlei-bernstorff.de\/impressum\/"]}]},{"@type":"ImageObject","inLanguage":"en-US","@id":"https:\/\/kanzlei-bernstorff.de\/impressum\/#primaryimage","url":"https:\/\/kanzlei-bernstorff.de\/wp-content\/uploads\/2014\/12\/1a_bg.jpg","contentUrl":"https:\/\/kanzlei-bernstorff.de\/wp-content\/uploads\/2014\/12\/1a_bg.jpg","width":816,"height":298},{"@type":"BreadcrumbList","@id":"https:\/\/kanzlei-bernstorff.de\/impressum\/#breadcrumb","itemListElement":[{"@type":"ListItem","position":1,"name":"Home","item":"https:\/\/kanzlei-bernstorff.de\/"},{"@type":"ListItem","position":2,"name":"Impressum"}]},{"@type":"WebSite","@id":"https:\/\/kanzlei-bernstorff.de\/#website","url":"https:\/\/kanzlei-bernstorff.de\/","name":"Bernstorff - Rechtsanw\u00e4lte Partnerschaftsgesellschaft mbB","description":"Rechtsanw\u00e4lte Partnerschaftsgesellschaft mbB","publisher":{"@id":"https:\/\/kanzlei-bernstorff.de\/#organization"},"potentialAction":[{"@type":"SearchAction","target":{"@type":"EntryPoint","urlTemplate":"https:\/\/kanzlei-bernstorff.de\/?s={search_term_string}"},"query-input":{"@type":"PropertyValueSpecification","valueRequired":true,"valueName":"search_term_string"}}],"inLanguage":"en-US"},{"@type":"Organization","@id":"https:\/\/kanzlei-bernstorff.de\/#organization","name":"Bernstorff - Rechtsanw\u00e4lte Partnerschaftsgesellschaft mbB","url":"https:\/\/kanzlei-bernstorff.de\/","logo":{"@type":"ImageObject","inLanguage":"en-US","@id":"https:\/\/kanzlei-bernstorff.de\/#\/schema\/logo\/image\/","url":"https:\/\/kanzlei-bernstorff.de\/wp-content\/uploads\/2025\/12\/kanzlei-bernstorff-group-x.png","contentUrl":"https:\/\/kanzlei-bernstorff.de\/wp-content\/uploads\/2025\/12\/kanzlei-bernstorff-group-x.png","width":1360,"height":680,"caption":"Bernstorff - Rechtsanw\u00e4lte Partnerschaftsgesellschaft mbB"},"image":{"@id":"https:\/\/kanzlei-bernstorff.de\/#\/schema\/logo\/image\/"}}]}},"_links":{"self":[{"href":"https:\/\/kanzlei-bernstorff.de\/en\/wp-json\/wp\/v2\/pages\/62","targetHints":{"allow":["GET"]}}],"collection":[{"href":"https:\/\/kanzlei-bernstorff.de\/en\/wp-json\/wp\/v2\/pages"}],"about":[{"href":"https:\/\/kanzlei-bernstorff.de\/en\/wp-json\/wp\/v2\/types\/page"}],"author":[{"embeddable":true,"href":"https:\/\/kanzlei-bernstorff.de\/en\/wp-json\/wp\/v2\/users\/1"}],"replies":[{"embeddable":true,"href":"https:\/\/kanzlei-bernstorff.de\/en\/wp-json\/wp\/v2\/comments?post=62"}],"version-history":[{"count":10,"href":"https:\/\/kanzlei-bernstorff.de\/en\/wp-json\/wp\/v2\/pages\/62\/revisions"}],"predecessor-version":[{"id":1958,"href":"https:\/\/kanzlei-bernstorff.de\/en\/wp-json\/wp\/v2\/pages\/62\/revisions\/1958"}],"wp:featuredmedia":[{"embeddable":true,"href":"https:\/\/kanzlei-bernstorff.de\/en\/wp-json\/wp\/v2\/media\/15"}],"wp:attachment":[{"href":"https:\/\/kanzlei-bernstorff.de\/en\/wp-json\/wp\/v2\/media?parent=62"}],"curies":[{"name":"wp","href":"https:\/\/api.w.org\/{rel}","templated":true}]}}